{"id":1338,"date":"2022-09-27T01:12:59","date_gmt":"2022-09-27T00:12:59","guid":{"rendered":"https:\/\/adforestpro.scriptsbundle.com\/?page_id=1338"},"modified":"2022-10-18T02:49:26","modified_gmt":"2022-10-18T01:49:26","slug":"recherche-par-localisation","status":"publish","type":"page","link":"https:\/\/almoqayada.com\/ar\/recherche-par-localisation\/","title":{"rendered":"Recherche par Localisation"},"content":{"rendered":"<section  style=\"background: url(https:\/\/almoqayada.com\/appfr\/wp-content\/uploads\/2021\/11\/slider-2-1-1.jpg); height: 750px;background-repeat: no-repeat;background-size: cover; background-position: center;width: 100%;position: relative;padding: 230px 0;\">\n<form action=\"https:\/\/almoqayada.com\/ar\/appfr\/search-results\/\" data-trp-original-action=\"https:\/\/almoqayada.com\/appfr\/search-results\/\">\n<p>Sur ALMOQAYADA All\u00e9gez Votre Maison, Troquez, Faites de l&rsquo;\u00e9change et Meublez \u00e0 Bon Prix<\/p>\n<h3>Recherchez parmi des centaines d&rsquo;annonces\u00a0!<\/h3>\n<p>                  <input autocomplete=\"off\" name=\"ad_title\" placeholder=\"Que cherchez vous\u2026.\" type=\"text\"><br \/>\n              <select name=\"cat_id\" data-placeholder=\"S\u00e9lectionner une cat\u00e9gorie\"><option label=\"S\u00e9lectionner une cat\u00e9gorie\" value=\"\">S\u00e9lectionner une cat\u00e9gorie<\/option><\/select><br \/>\n             <input name=\"location\"  id=\"sb_user_address\"  placeholder=\"Emplacement...\"  type=\"text\"><br \/>\n            <button type=\"submit\">Rechercher<\/button><br \/>\n\t<input type=\"hidden\" name=\"trp-form-language\" value=\"ar\"\/><\/form>\n<\/section>\n<section>\n                           \u0625\u0639\u0644\u0627\u0646\u0627\u062a<\/p>\n<h2>\u0623\u062d\u062f\u062b \u0627\u0644\u0625\u0639\u0644\u0627\u0646\u0627\u062a \u0627\u0644\u0645\u0645\u064a\u0632\u0629<\/h2>\n<\/p>\n<p>        <a href=\"https:\/\/almoqayada.com\/ar\/appfr\/ad\/bmw-7-series-740\/\"><img decoding=\"async\" src=\"https:\/\/almoqayada.com\/appfr\/wp-content\/uploads\/2021\/09\/278606-1-850x450-1-300x224.png\" alt=\"BMW 7 Series 740\"><\/a><br \/>\n            <a href=\"javascript:void(0);\" id=\"ad_to_fav\" data-adid=\"227\"> <\/a><br \/>\n                <a href=\"https:\/\/almoqayada.com\/ar\/appfr\/search-results\/?cat_id=52\">Cars<\/a><a href=\"https:\/\/almoqayada.com\/ar\/appfr\/search-results\/?cat_id=57\">BMW<\/a><a href=\"https:\/\/almoqayada.com\/ar\/appfr\/search-results\/?cat_id=51\">\u0645\u0631\u0643\u0628\u0627\u062a<\/a><\/p>\n<h4><a href=\"https:\/\/almoqayada.com\/ar\/appfr\/ad\/bmw-7-series-740\/\">BMW 7 Series 740<\/a><\/h4>\n<h5>Prix \u200b\u200bsur appel<\/h5>\n<p>                    \u0645\u0631\u0627\u0643\u0634 \u060c \u0645\u0631\u0627\u0643\u0634 \u060c \u0627\u0644\u0645\u063a\u0631\u0628<br \/>\n             30\/04\/2022<br \/>\n                         25 Vues<br \/>\n        <a href=\"https:\/\/almoqayada.com\/ar\/appfr\/ad\/manette-xbox-one\/\"><img decoding=\"async\" src=\"https:\/\/almoqayada.com\/appfr\/wp-content\/uploads\/2021\/09\/55-17-300x224.png\" alt=\"Manette Xbox One\"><\/a><br \/>\n            <a href=\"javascript:void(0);\" id=\"ad_to_fav\" data-adid=\"2957\"> <\/a><br \/>\n                <a href=\"https:\/\/almoqayada.com\/ar\/appfr\/search-results\/?cat_id=2022\">\u0625\u0644\u0643\u062a\u0631\u0648\u0646\u064a\u0627\u062a<\/a><\/p>\n<h4><a href=\"https:\/\/almoqayada.com\/ar\/appfr\/ad\/manette-xbox-one\/\">Manette Xbox One<\/a><\/h4>\n<h5>Prix \u200b\u200bsur appel<\/h5>\n<p>                    \u0645\u0631\u0627\u0643\u0634 \u060c \u0645\u0631\u0627\u0643\u0634 \u060c \u0627\u0644\u0645\u063a\u0631\u0628<br \/>\n             30\/09\/2021<br \/>\n                         69 Vues<br \/>\n        <a href=\"https:\/\/almoqayada.com\/ar\/appfr\/ad\/moto-suzuki-boulevard-m109r\/\"><img decoding=\"async\" src=\"https:\/\/almoqayada.com\/appfr\/wp-content\/uploads\/2021\/09\/77-6-300x224.png\" alt=\"MOTO Suzuki Boulevard M109R\"><\/a><br \/>\n            <a href=\"javascript:void(0);\" id=\"ad_to_fav\" data-adid=\"328\"> <\/a><br \/>\n                <a href=\"https:\/\/almoqayada.com\/ar\/appfr\/search-results\/?cat_id=54\">Bikes<\/a><a href=\"https:\/\/almoqayada.com\/ar\/appfr\/search-results\/?cat_id=51\">\u0645\u0631\u0643\u0628\u0627\u062a<\/a><\/p>\n<h4><a href=\"https:\/\/almoqayada.com\/ar\/appfr\/ad\/moto-suzuki-boulevard-m109r\/\">MOTO Suzuki Boulevard M109R<\/a><\/h4>\n<h5>Prix \u200b\u200bsur appel<\/h5>\n<p>                    \u0645\u0631\u0627\u0643\u0634 \u060c \u0645\u0631\u0627\u0643\u0634 \u060c \u0627\u0644\u0645\u063a\u0631\u0628<br \/>\n             30\/09\/2021<br \/>\n                         27 Vues<br \/>\n        <a href=\"https:\/\/almoqayada.com\/ar\/appfr\/ad\/villa-luxueuse-de-3-hectares\/\"><img decoding=\"async\" src=\"https:\/\/almoqayada.com\/appfr\/wp-content\/uploads\/2021\/09\/66-9-300x224.png\" alt=\"Villa luxueuse de 3 hectares\"><\/a><br \/>\n            <a href=\"javascript:void(0);\" id=\"ad_to_fav\" data-adid=\"318\"> <\/a><br \/>\n                <a href=\"https:\/\/almoqayada.com\/ar\/appfr\/search-results\/?cat_id=77\">Homes<\/a><a href=\"https:\/\/almoqayada.com\/ar\/appfr\/search-results\/?cat_id=71\">\u0627\u0644\u0639\u0642\u0627\u0631\u0627\u062a<\/a><\/p>\n<h4><a href=\"https:\/\/almoqayada.com\/ar\/appfr\/ad\/villa-luxueuse-de-3-hectares\/\">Villa luxueuse de 3 hectares<\/a><\/h4>\n<h5>Prix \u200b\u200bsur appel<\/h5>\n<p>                    \u0645\u0631\u0627\u0643\u0634 \u060c \u0645\u0631\u0627\u0643\u0634 \u060c \u0627\u0644\u0645\u063a\u0631\u0628<br \/>\n             30\/09\/2021<br \/>\n                         33 Vues<br \/>\n        <a href=\"https:\/\/almoqayada.com\/ar\/appfr\/ad\/tesla-model-3-auto-car\/\"><img decoding=\"async\" src=\"https:\/\/almoqayada.com\/appfr\/wp-content\/uploads\/2021\/09\/33-6-300x224.png\" alt=\"Tesla Model 3 Auto Car\"><\/a><br \/>\n            <a href=\"javascript:void(0);\" id=\"ad_to_fav\" data-adid=\"301\"> <\/a><br \/>\n                <a href=\"https:\/\/almoqayada.com\/ar\/appfr\/search-results\/?cat_id=52\">Cars<\/a><a href=\"https:\/\/almoqayada.com\/ar\/appfr\/search-results\/?cat_id=63\">Tesla<\/a><a href=\"https:\/\/almoqayada.com\/ar\/appfr\/search-results\/?cat_id=51\">\u0645\u0631\u0643\u0628\u0627\u062a<\/a><\/p>\n<h4><a href=\"https:\/\/almoqayada.com\/ar\/appfr\/ad\/tesla-model-3-auto-car\/\">Tesla Model 3 Auto Car<\/a><\/h4>\n<h5>Prix \u200b\u200bsur appel<\/h5>\n<p>                    \u0645\u0631\u0627\u0643\u0634 \u060c \u0645\u0631\u0627\u0643\u0634 \u060c \u0627\u0644\u0645\u063a\u0631\u0628<br \/>\n             30\/09\/2021<br \/>\n                         41 Vues<br \/>\n                <\/secton><br \/>\n\t\t\t<section\">\n<h2>Comment \u00e7a marche  <\/h2>\n<h2>\u0625\u0641\u062a\u062d \u062d\u0633\u0627\u0628<\/h2>\n<p>\u0623\u062f\u062e\u0644 \u0645\u0639\u0644\u0648\u0645\u0627\u062a\u0643 \u0648\u062a\u0641\u0627\u0635\u064a\u0644 \u0627\u0644\u0627\u062a\u0635\u0627\u0644 \u0627\u0644\u062e\u0627\u0635\u0629 \u0628\u0643 \u0644\u0644\u062a\u062d\u0642\u0642 \u0645\u0646 \u0645\u0644\u0641\u0643 \u0627\u0644\u0634\u062e\u0635\u064a \u0648\u0627\u0644\u0627\u062a\u0635\u0627\u0644 \u0628\u0643.<\/p>\n<p>             <img decoding=\"async\" src=\"https:\/\/almoqayada.com\/appfr\/wp-content\/themes\/adforest\/images\/r5.png\" alt=\"Image\"> <\/p>\n<p>01<\/p>\n<h2>\u0634\u0631\u0627\u0621 \u062d\u0632\u0645\u0629 \u0625\u0639\u0644\u0627\u0646\u064a\u0629<\/h2>\n<p>\u0627\u0634\u062a\u0631\u0643 \u0641\u064a \u0627\u0634\u062a\u0631\u0627\u0643 \u0644\u0643\u0644 \u0625\u0639\u0644\u0627\u0646 \u0645\u0646 10 \u0625\u0639\u0644\u0627\u0646\u0627\u062a \u0645\u0639 \u062a\u0642\u062f\u064a\u0631 \u0645\u062c\u0627\u0646\u064a \u0644\u0642\u064a\u0645 \u0627\u0644\u0628\u0636\u0627\u0626\u0639 \u0627\u0644\u062e\u0627\u0635\u0629 \u0628\u0643.<\/p>\n<p>             <img decoding=\"async\" src=\"https:\/\/almoqayada.com\/appfr\/wp-content\/themes\/adforest\/images\/r3.png\" alt=\"Image\"> <\/p>\n<p>02<\/p>\n<h2>\u0627\u0646\u0634\u0631 \u0625\u0639\u0644\u0627\u0646\u0627\u062a\u0643<\/h2>\n<p>Troquez et vendez des biens.<br \/>\nEx: J&#039;offre le bien\/services A contre le biens\/services B de m\u00eame \u00e9quivalence de Valeurs de. avec des options de publications sur la boutique en ligne<\/p>\n<p>03<\/p>\n<\/section>\n<p>                0<\/p>\n<h4>Accomplissement de ALMOQAYADA TROC<\/h4>\n<p>0<\/p>\n<h4>Expertise de Ressources<\/h4>\n<p>0<\/p>\n<h4>Satisfaction Clients<\/h4>\n<p>0<\/p>\n<h4>Points Gagn\u00e9s<\/h4>\n<p>\t\t\t <img decoding=\"async\" src=\"https:\/\/almoqayada.com\/appfr\/wp-content\/themes\/adforest\/images\/as.png\"  alt=\"image\"> <\/p>\n<section>\n<ul id=\"clients-list\">\n<li><a href=\"https:\/\/alluniforms.net\/\"><img decoding=\"async\" src=\"https:\/\/almoqayada.com\/appfr\/wp-content\/uploads\/2022\/09\/AllUniforms_320X86-avec.png\" alt=\"Black Ace\"><\/a><\/li>\n<li><a href=\"https:\/\/42projets.com\/\"><img decoding=\"async\" src=\"https:\/\/almoqayada.com\/appfr\/wp-content\/uploads\/2022\/09\/42Projetcs.png\" alt=\"Black Ace\"><\/a><\/li>\n<li><a href=\"https:\/\/happeningspace.com\/\"><img decoding=\"async\" src=\"https:\/\/almoqayada.com\/appfr\/wp-content\/uploads\/2022\/09\/HapSce_350x87.png\" alt=\"Black Ace\"><\/a><\/li>\n<li><a href=\"#\"><img decoding=\"async\" src=\"https:\/\/adforestpro.scriptsbundle.com\/wp-content\/uploads\/2021\/10\/25.png\" alt=\"Black Ace\"><\/a><\/li>\n<li><a href=\"#\"><img decoding=\"async\" src=\"https:\/\/adforestpro.scriptsbundle.com\/wp-content\/uploads\/2021\/10\/26.png\" alt=\"Black Ace\"><\/a><\/li>\n<li><a href=\"#\"><img decoding=\"async\" src=\"https:\/\/adforestpro.scriptsbundle.com\/wp-content\/uploads\/2021\/10\/25.png\" alt=\"Black Ace\"><\/a><\/li>\n<\/ul>\n<p>                    <!-- @end .clients-wrap --><br \/>\n                <!-- @end #clients --><br \/>\n<\/section>","protected":false},"excerpt":{"rendered":"<p>Sur ALMOQAYADA All\u00e9gez Votre Maison, Troquez, Faites de l&rsquo;\u00e9change et Meublez \u00e0 Bon Prix Recherchez parmi des centaines d&rsquo;annonces\u00a0! S\u00e9lectionner une cat\u00e9gorie Rechercher Ads Derni\u00e8res annonces en vedette CarsBMWVEHICULES BMW 7 Series 740 Prix \u200b\u200bsur appel Marrakesh, Marrakech, Morocco 30\/04\/2022 25 Vues Electronics Manette Xbox One Prix \u200b\u200bsur appel Marrakesh, Marrakech, Morocco 30\/09\/2021 69 Vues [&hellip;]<\/p>\n","protected":false},"author":1,"featured_media":0,"parent":0,"menu_order":0,"comment_status":"closed","ping_status":"closed","template":"page-home.php","meta":{"footnotes":""},"class_list":["post-1338","page","type-page","status-publish","hentry"],"yoast_head":"<!-- This site is optimized with the Yoast SEO plugin v27.5 - https:\/\/yoast.com\/product\/yoast-seo-wordpress\/ -->\n<title>Recherche par Localisation - ALMOQAYADA<\/title>\n<meta name=\"robots\" content=\"index, follow, max-snippet:-1, max-image-preview:large, max-video-preview:-1\" \/>\n<link rel=\"canonical\" href=\"https:\/\/almoqayada.com\/ar\/recherche-par-localisation\/\" \/>\n<meta property=\"og:locale\" content=\"ar_AR\" \/>\n<meta property=\"og:type\" content=\"article\" \/>\n<meta property=\"og:title\" content=\"Recherche par Localisation - ALMOQAYADA\" \/>\n<meta property=\"og:description\" content=\"Sur ALMOQAYADA All\u00e9gez Votre Maison, Troquez, Faites de l&rsquo;\u00e9change et Meublez \u00e0 Bon Prix Recherchez parmi des centaines d&rsquo;annonces\u00a0! S\u00e9lectionner une cat\u00e9gorie Rechercher Ads Derni\u00e8res annonces en vedette CarsBMWVEHICULES BMW 7 Series 740 Prix \u200b\u200bsur appel Marrakesh, Marrakech, Morocco 30\/04\/2022 25 Vues Electronics Manette Xbox One Prix \u200b\u200bsur appel Marrakesh, Marrakech, Morocco 30\/09\/2021 69 Vues [&hellip;]\" \/>\n<meta property=\"og:url\" content=\"https:\/\/almoqayada.com\/ar\/recherche-par-localisation\/\" \/>\n<meta property=\"og:site_name\" content=\"ALMOQAYADA\" \/>\n<meta property=\"article:modified_time\" content=\"2022-10-18T01:49:26+00:00\" \/>\n<meta property=\"og:image\" content=\"https:\/\/almoqayada.com\/appfr\/wp-content\/uploads\/2021\/09\/278606-1-850x450-1-300x224.png\" \/>\n<meta name=\"twitter:card\" content=\"summary_large_image\" \/>\n<meta name=\"twitter:label1\" content=\"\u0648\u0642\u062a \u0627\u0644\u0642\u0631\u0627\u0621\u0629 \u0627\u0644\u0645\u064f\u0642\u062f\u0651\u0631\" \/>\n\t<meta name=\"twitter:data1\" content=\"5 \u062f\u0642\u0627\u0626\u0642\" \/>\n<script type=\"application\/ld+json\" class=\"yoast-schema-graph\">{\"@context\":\"https:\\\/\\\/schema.org\",\"@graph\":[{\"@type\":\"WebPage\",\"@id\":\"https:\\\/\\\/almoqayada.com\\\/recherche-par-localisation\\\/\",\"url\":\"https:\\\/\\\/almoqayada.com\\\/recherche-par-localisation\\\/\",\"name\":\"Recherche par Localisation - ALMOQAYADA\",\"isPartOf\":{\"@id\":\"https:\\\/\\\/almoqayada.com\\\/#website\"},\"primaryImageOfPage\":{\"@id\":\"https:\\\/\\\/almoqayada.com\\\/recherche-par-localisation\\\/#primaryimage\"},\"image\":{\"@id\":\"https:\\\/\\\/almoqayada.com\\\/recherche-par-localisation\\\/#primaryimage\"},\"thumbnailUrl\":\"https:\\\/\\\/almoqayada.com\\\/appfr\\\/wp-content\\\/uploads\\\/2021\\\/09\\\/278606-1-850x450-1-300x224.png\",\"datePublished\":\"2022-09-27T00:12:59+00:00\",\"dateModified\":\"2022-10-18T01:49:26+00:00\",\"breadcrumb\":{\"@id\":\"https:\\\/\\\/almoqayada.com\\\/recherche-par-localisation\\\/#breadcrumb\"},\"inLanguage\":\"ar\",\"potentialAction\":[{\"@type\":\"ReadAction\",\"target\":[\"https:\\\/\\\/almoqayada.com\\\/recherche-par-localisation\\\/\"]}]},{\"@type\":\"ImageObject\",\"inLanguage\":\"ar\",\"@id\":\"https:\\\/\\\/almoqayada.com\\\/recherche-par-localisation\\\/#primaryimage\",\"url\":\"https:\\\/\\\/almoqayada.com\\\/appfr\\\/wp-content\\\/uploads\\\/2021\\\/09\\\/278606-1-850x450-1-300x224.png\",\"contentUrl\":\"https:\\\/\\\/almoqayada.com\\\/appfr\\\/wp-content\\\/uploads\\\/2021\\\/09\\\/278606-1-850x450-1-300x224.png\"},{\"@type\":\"BreadcrumbList\",\"@id\":\"https:\\\/\\\/almoqayada.com\\\/recherche-par-localisation\\\/#breadcrumb\",\"itemListElement\":[{\"@type\":\"ListItem\",\"position\":1,\"name\":\"Accueil\",\"item\":\"https:\\\/\\\/almoqayada.com\\\/\"},{\"@type\":\"ListItem\",\"position\":2,\"name\":\"Recherche par Localisation\"}]},{\"@type\":\"WebSite\",\"@id\":\"https:\\\/\\\/almoqayada.com\\\/#website\",\"url\":\"https:\\\/\\\/almoqayada.com\\\/\",\"name\":\"ALMOQAYADA\",\"description\":\"La Plateforme Collaborative N\u00b01 de Troc et de vente d&#039;occasion au Maroc\",\"publisher\":{\"@id\":\"https:\\\/\\\/almoqayada.com\\\/#organization\"},\"potentialAction\":[{\"@type\":\"SearchAction\",\"target\":{\"@type\":\"EntryPoint\",\"urlTemplate\":\"https:\\\/\\\/almoqayada.com\\\/?s={search_term_string}\"},\"query-input\":{\"@type\":\"PropertyValueSpecification\",\"valueRequired\":true,\"valueName\":\"search_term_string\"}}],\"inLanguage\":\"ar\"},{\"@type\":\"Organization\",\"@id\":\"https:\\\/\\\/almoqayada.com\\\/#organization\",\"name\":\"ALMOQAYADA\",\"url\":\"https:\\\/\\\/almoqayada.com\\\/\",\"logo\":{\"@type\":\"ImageObject\",\"inLanguage\":\"ar\",\"@id\":\"https:\\\/\\\/almoqayada.com\\\/#\\\/schema\\\/logo\\\/image\\\/\",\"url\":\"https:\\\/\\\/almoqayada.com\\\/wp-content\\\/uploads\\\/2022\\\/03\\\/MoQaYaDa_11_-Vaste2300x400.png\",\"contentUrl\":\"https:\\\/\\\/almoqayada.com\\\/wp-content\\\/uploads\\\/2022\\\/03\\\/MoQaYaDa_11_-Vaste2300x400.png\",\"width\":2300,\"height\":400,\"caption\":\"ALMOQAYADA\"},\"image\":{\"@id\":\"https:\\\/\\\/almoqayada.com\\\/#\\\/schema\\\/logo\\\/image\\\/\"}}]}<\/script>\n<!-- \/ Yoast SEO plugin. -->","yoast_head_json":{"title":"Recherche par Localisation - ALMOQAYADA","robots":{"index":"index","follow":"follow","max-snippet":"max-snippet:-1","max-image-preview":"max-image-preview:large","max-video-preview":"max-video-preview:-1"},"canonical":"https:\/\/almoqayada.com\/ar\/recherche-par-localisation\/","og_locale":"ar_AR","og_type":"article","og_title":"Recherche par Localisation - ALMOQAYADA","og_description":"Sur ALMOQAYADA All\u00e9gez Votre Maison, Troquez, Faites de l&rsquo;\u00e9change et Meublez \u00e0 Bon Prix Recherchez parmi des centaines d&rsquo;annonces\u00a0! S\u00e9lectionner une cat\u00e9gorie Rechercher Ads Derni\u00e8res annonces en vedette CarsBMWVEHICULES BMW 7 Series 740 Prix \u200b\u200bsur appel Marrakesh, Marrakech, Morocco 30\/04\/2022 25 Vues Electronics Manette Xbox One Prix \u200b\u200bsur appel Marrakesh, Marrakech, Morocco 30\/09\/2021 69 Vues [&hellip;]","og_url":"https:\/\/almoqayada.com\/ar\/recherche-par-localisation\/","og_site_name":"ALMOQAYADA","article_modified_time":"2022-10-18T01:49:26+00:00","og_image":[{"url":"https:\/\/almoqayada.com\/appfr\/wp-content\/uploads\/2021\/09\/278606-1-850x450-1-300x224.png","type":"","width":"","height":""}],"twitter_card":"summary_large_image","twitter_misc":{"\u0648\u0642\u062a \u0627\u0644\u0642\u0631\u0627\u0621\u0629 \u0627\u0644\u0645\u064f\u0642\u062f\u0651\u0631":"5 \u062f\u0642\u0627\u0626\u0642"},"schema":{"@context":"https:\/\/schema.org","@graph":[{"@type":"WebPage","@id":"https:\/\/almoqayada.com\/recherche-par-localisation\/","url":"https:\/\/almoqayada.com\/recherche-par-localisation\/","name":"Recherche par Localisation - ALMOQAYADA","isPartOf":{"@id":"https:\/\/almoqayada.com\/#website"},"primaryImageOfPage":{"@id":"https:\/\/almoqayada.com\/recherche-par-localisation\/#primaryimage"},"image":{"@id":"https:\/\/almoqayada.com\/recherche-par-localisation\/#primaryimage"},"thumbnailUrl":"https:\/\/almoqayada.com\/appfr\/wp-content\/uploads\/2021\/09\/278606-1-850x450-1-300x224.png","datePublished":"2022-09-27T00:12:59+00:00","dateModified":"2022-10-18T01:49:26+00:00","breadcrumb":{"@id":"https:\/\/almoqayada.com\/recherche-par-localisation\/#breadcrumb"},"inLanguage":"ar","potentialAction":[{"@type":"ReadAction","target":["https:\/\/almoqayada.com\/recherche-par-localisation\/"]}]},{"@type":"ImageObject","inLanguage":"ar","@id":"https:\/\/almoqayada.com\/recherche-par-localisation\/#primaryimage","url":"https:\/\/almoqayada.com\/appfr\/wp-content\/uploads\/2021\/09\/278606-1-850x450-1-300x224.png","contentUrl":"https:\/\/almoqayada.com\/appfr\/wp-content\/uploads\/2021\/09\/278606-1-850x450-1-300x224.png"},{"@type":"BreadcrumbList","@id":"https:\/\/almoqayada.com\/recherche-par-localisation\/#breadcrumb","itemListElement":[{"@type":"ListItem","position":1,"name":"Accueil","item":"https:\/\/almoqayada.com\/"},{"@type":"ListItem","position":2,"name":"Recherche par Localisation"}]},{"@type":"WebSite","@id":"https:\/\/almoqayada.com\/#website","url":"https:\/\/almoqayada.com\/","name":"ALMOQAYADA","description":"La Plateforme Collaborative N\u00b01 de Troc et de vente d&#039;occasion au Maroc","publisher":{"@id":"https:\/\/almoqayada.com\/#organization"},"potentialAction":[{"@type":"SearchAction","target":{"@type":"EntryPoint","urlTemplate":"https:\/\/almoqayada.com\/?s={search_term_string}"},"query-input":{"@type":"PropertyValueSpecification","valueRequired":true,"valueName":"search_term_string"}}],"inLanguage":"ar"},{"@type":"Organization","@id":"https:\/\/almoqayada.com\/#organization","name":"ALMOQAYADA","url":"https:\/\/almoqayada.com\/","logo":{"@type":"ImageObject","inLanguage":"ar","@id":"https:\/\/almoqayada.com\/#\/schema\/logo\/image\/","url":"https:\/\/almoqayada.com\/wp-content\/uploads\/2022\/03\/MoQaYaDa_11_-Vaste2300x400.png","contentUrl":"https:\/\/almoqayada.com\/wp-content\/uploads\/2022\/03\/MoQaYaDa_11_-Vaste2300x400.png","width":2300,"height":400,"caption":"ALMOQAYADA"},"image":{"@id":"https:\/\/almoqayada.com\/#\/schema\/logo\/image\/"}}]}},"_hostinger_reach_plugin_has_subscription_block":false,"_hostinger_reach_plugin_is_elementor":false,"jetpack_sharing_enabled":true,"_links":{"self":[{"href":"https:\/\/almoqayada.com\/ar\/wp-json\/wp\/v2\/pages\/1338","targetHints":{"allow":["GET"]}}],"collection":[{"href":"https:\/\/almoqayada.com\/ar\/wp-json\/wp\/v2\/pages"}],"about":[{"href":"https:\/\/almoqayada.com\/ar\/wp-json\/wp\/v2\/types\/page"}],"author":[{"embeddable":true,"href":"https:\/\/almoqayada.com\/ar\/wp-json\/wp\/v2\/users\/1"}],"replies":[{"embeddable":true,"href":"https:\/\/almoqayada.com\/ar\/wp-json\/wp\/v2\/comments?post=1338"}],"version-history":[{"count":37,"href":"https:\/\/almoqayada.com\/ar\/wp-json\/wp\/v2\/pages\/1338\/revisions"}],"predecessor-version":[{"id":3859,"href":"https:\/\/almoqayada.com\/ar\/wp-json\/wp\/v2\/pages\/1338\/revisions\/3859"}],"wp:attachment":[{"href":"https:\/\/almoqayada.com\/ar\/wp-json\/wp\/v2\/media?parent=1338"}],"curies":[{"name":"wp","href":"https:\/\/api.w.org\/{rel}","templated":true}]}}