{"id":3508,"date":"2021-06-06T15:18:05","date_gmt":"2021-03-05T17:38:57","guid":{"rendered":"https:\/\/almoqayada.com\/appfr\/contact-us-4\/"},"modified":"2021-06-06T15:18:05","modified_gmt":"2021-03-05T17:38:57","slug":"contact-us-4","status":"publish","type":"page","link":"https:\/\/almoqayada.com\/ar\/contact-us-4\/","title":{"rendered":"Nous Contacter"},"content":{"rendered":"<div class=\"wp-block-cover alignwide has-background-dim-20 has-background-dim is-position-center-center is-layout-flow wp-block-cover-is-layout-flow\" style=\"min-height: 375px;aspect-ratio:unset;\"><img fetchpriority=\"high\" decoding=\"async\" class=\"wp-block-cover__image-background wp-image-2318\" style=\"object-position: 40% 26%;\" src=\"https:\/\/almoqayada.com\/wp-content\/uploads\/2021\/03\/adam-solomon-WHUDOzd5IYU-unsplash-1-scaled-1.jpg\" alt=\"\" width=\"671\" height=\"290\" data-object-fit=\"cover\" data-object-position=\"40% 26%\" \/><\/div>\n\n\n\n<h1 id=\"h-talk-to-a-human\" class=\"alignfull has-text-align-center wp-block-heading\">Contactez notre Support<\/h1>\n<h2>Contact@almoqayada.com<\/h2>\n<h3><a href=\"\/ar\/Contact@almoqayada.com\/\">Contacter\u00a0<\/a><\/h3>\n<h1 id=\"h-talk-to-a-human\" class=\"alignfull has-text-align-center\">Parler \u00e0 un Humain<\/h1>\n<h2>Appelez nous sur :<\/h2>\n<h2>Tel: +212 661-426-203<\/h2>\n<h3><a href=\"https:\/\/wa.me\/&lt;+212661426203&gt;\">(ou sur WhatsApp):<\/a><\/h3>\n\n\n\n<p class=\"has-text-align-center has-medium-font-size\">Promis, votre message ne dispara\u00eetra pas dans l&rsquo;ab\u00eeme. Nous sommes pr\u00eats \u00e0 vous aider pour toute question, commentaire ou r\u00e9flexion que vous pourriez avoir.<\/p>\n\n\n\n<div class=\"wp-block-columns is-layout-flex wp-container-core-columns-is-layout-9d6595d7 wp-block-columns-is-layout-flex\">\n<div class=\"wp-block-column is-layout-flow wp-block-column-is-layout-flow\" style=\"flex-basis: 33.33%;\">\n<h2 id=\"h-let-s-chat\" class=\"alignfull has-text-align-center wp-block-heading\">Discutons!<\/h2>\n\n\n\n<figure class=\"wp-block-image size-large\"><img decoding=\"async\" class=\"wp-image-2367\" src=\"https:\/\/almoqayada.com\/wp-content\/uploads\/2021\/03\/animated-arrow-form.gif\" alt=\"\" width=\"204\" height=\"204\" \/><\/figure>\n<\/div>\n\n\n\n<div class=\"wp-block-column is-layout-flow wp-block-column-is-layout-flow\" style=\"flex-basis: 66.66%;\"><\/div>\n<\/div>","protected":false},"excerpt":{"rendered":"<p>Contactez notre Support Contact@almoqayada.com Contacter\u00a0 Parler \u00e0 un Humain Appelez nous sur : Tel: +212 661-426-203 (ou sur WhatsApp): Promis, votre message ne dispara\u00eetra pas dans l&rsquo;ab\u00eeme. Nous sommes pr\u00eats \u00e0 vous aider pour toute question, commentaire ou r\u00e9flexion que vous pourriez avoir. Discutons!<\/p>","protected":false},"author":1,"featured_media":0,"parent":0,"menu_order":0,"comment_status":"closed","ping_status":"closed","template":"","meta":{"footnotes":""},"class_list":["post-3508","page","type-page","status-publish","hentry"],"yoast_head":"<!-- This site is optimized with the Yoast SEO plugin v26.9 - https:\/\/yoast.com\/product\/yoast-seo-wordpress\/ -->\n<title>Nous Contacter - ALMOQAYADA<\/title>\n<meta name=\"robots\" content=\"index, follow, max-snippet:-1, max-image-preview:large, max-video-preview:-1\" \/>\n<link rel=\"canonical\" href=\"https:\/\/almoqayada.com\/ar\/contact-us-4\/\" \/>\n<meta property=\"og:locale\" content=\"ar_AR\" \/>\n<meta property=\"og:type\" content=\"article\" \/>\n<meta property=\"og:title\" content=\"Nous Contacter - ALMOQAYADA\" \/>\n<meta property=\"og:description\" content=\"Contactez notre Support Contact@almoqayada.com Contacter\u00a0 Parler \u00e0 un Humain Appelez nous sur : Tel: +212 661-426-203 (ou sur WhatsApp): Promis, votre message ne dispara\u00eetra pas dans l&rsquo;ab\u00eeme. Nous sommes pr\u00eats \u00e0 vous aider pour toute question, commentaire ou r\u00e9flexion que vous pourriez avoir. Discutons!\" \/>\n<meta property=\"og:url\" content=\"https:\/\/almoqayada.com\/ar\/contact-us-4\/\" \/>\n<meta property=\"og:site_name\" content=\"ALMOQAYADA\" \/>\n<meta property=\"og:image\" content=\"https:\/\/almoqayada.com\/wp-content\/uploads\/2021\/03\/adam-solomon-WHUDOzd5IYU-unsplash-1-scaled-1.jpg\" \/>\n<meta name=\"twitter:card\" content=\"summary_large_image\" \/>\n<script type=\"application\/ld+json\" class=\"yoast-schema-graph\">{\"@context\":\"https:\/\/schema.org\",\"@graph\":[{\"@type\":\"WebPage\",\"@id\":\"https:\/\/almoqayada.com\/contact-us-4\/\",\"url\":\"https:\/\/almoqayada.com\/contact-us-4\/\",\"name\":\"Nous Contacter - ALMOQAYADA\",\"isPartOf\":{\"@id\":\"https:\/\/almoqayada.com\/#website\"},\"primaryImageOfPage\":{\"@id\":\"https:\/\/almoqayada.com\/contact-us-4\/#primaryimage\"},\"image\":{\"@id\":\"https:\/\/almoqayada.com\/contact-us-4\/#primaryimage\"},\"thumbnailUrl\":\"https:\/\/almoqayada.com\/wp-content\/uploads\/2021\/03\/adam-solomon-WHUDOzd5IYU-unsplash-1-scaled-1.jpg\",\"datePublished\":\"2021-03-05T17:38:57+00:00\",\"breadcrumb\":{\"@id\":\"https:\/\/almoqayada.com\/contact-us-4\/#breadcrumb\"},\"inLanguage\":\"ar\",\"potentialAction\":[{\"@type\":\"ReadAction\",\"target\":[\"https:\/\/almoqayada.com\/contact-us-4\/\"]}]},{\"@type\":\"ImageObject\",\"inLanguage\":\"ar\",\"@id\":\"https:\/\/almoqayada.com\/contact-us-4\/#primaryimage\",\"url\":\"https:\/\/almoqayada.com\/wp-content\/uploads\/2021\/03\/adam-solomon-WHUDOzd5IYU-unsplash-1-scaled-1.jpg\",\"contentUrl\":\"https:\/\/almoqayada.com\/wp-content\/uploads\/2021\/03\/adam-solomon-WHUDOzd5IYU-unsplash-1-scaled-1.jpg\"},{\"@type\":\"BreadcrumbList\",\"@id\":\"https:\/\/almoqayada.com\/contact-us-4\/#breadcrumb\",\"itemListElement\":[{\"@type\":\"ListItem\",\"position\":1,\"name\":\"Accueil\",\"item\":\"https:\/\/almoqayada.com\/\"},{\"@type\":\"ListItem\",\"position\":2,\"name\":\"Nous Contacter\"}]},{\"@type\":\"WebSite\",\"@id\":\"https:\/\/almoqayada.com\/#website\",\"url\":\"https:\/\/almoqayada.com\/\",\"name\":\"ALMOQAYADA\",\"description\":\"La Plateforme Collaborative N\u00b01 de Troc et de vente d&#039;occasion au Maroc\",\"publisher\":{\"@id\":\"https:\/\/almoqayada.com\/#organization\"},\"potentialAction\":[{\"@type\":\"SearchAction\",\"target\":{\"@type\":\"EntryPoint\",\"urlTemplate\":\"https:\/\/almoqayada.com\/?s={search_term_string}\"},\"query-input\":{\"@type\":\"PropertyValueSpecification\",\"valueRequired\":true,\"valueName\":\"search_term_string\"}}],\"inLanguage\":\"ar\"},{\"@type\":\"Organization\",\"@id\":\"https:\/\/almoqayada.com\/#organization\",\"name\":\"ALMOQAYADA\",\"url\":\"https:\/\/almoqayada.com\/\",\"logo\":{\"@type\":\"ImageObject\",\"inLanguage\":\"ar\",\"@id\":\"https:\/\/almoqayada.com\/#\/schema\/logo\/image\/\",\"url\":\"https:\/\/almoqayada.com\/wp-content\/uploads\/2022\/03\/MoQaYaDa_11_-Vaste2300x400.png\",\"contentUrl\":\"https:\/\/almoqayada.com\/wp-content\/uploads\/2022\/03\/MoQaYaDa_11_-Vaste2300x400.png\",\"width\":2300,\"height\":400,\"caption\":\"ALMOQAYADA\"},\"image\":{\"@id\":\"https:\/\/almoqayada.com\/#\/schema\/logo\/image\/\"}}]}<\/script>\n<!-- \/ Yoast SEO plugin. -->","yoast_head_json":{"title":"Nous Contacter - ALMOQAYADA","robots":{"index":"index","follow":"follow","max-snippet":"max-snippet:-1","max-image-preview":"max-image-preview:large","max-video-preview":"max-video-preview:-1"},"canonical":"https:\/\/almoqayada.com\/ar\/contact-us-4\/","og_locale":"ar_AR","og_type":"article","og_title":"Nous Contacter - ALMOQAYADA","og_description":"Contactez notre Support Contact@almoqayada.com Contacter\u00a0 Parler \u00e0 un Humain Appelez nous sur : Tel: +212 661-426-203 (ou sur WhatsApp): Promis, votre message ne dispara\u00eetra pas dans l&rsquo;ab\u00eeme. Nous sommes pr\u00eats \u00e0 vous aider pour toute question, commentaire ou r\u00e9flexion que vous pourriez avoir. Discutons!","og_url":"https:\/\/almoqayada.com\/ar\/contact-us-4\/","og_site_name":"ALMOQAYADA","og_image":[{"url":"https:\/\/almoqayada.com\/wp-content\/uploads\/2021\/03\/adam-solomon-WHUDOzd5IYU-unsplash-1-scaled-1.jpg","type":"","width":"","height":""}],"twitter_card":"summary_large_image","schema":{"@context":"https:\/\/schema.org","@graph":[{"@type":"WebPage","@id":"https:\/\/almoqayada.com\/contact-us-4\/","url":"https:\/\/almoqayada.com\/contact-us-4\/","name":"Nous Contacter - ALMOQAYADA","isPartOf":{"@id":"https:\/\/almoqayada.com\/#website"},"primaryImageOfPage":{"@id":"https:\/\/almoqayada.com\/contact-us-4\/#primaryimage"},"image":{"@id":"https:\/\/almoqayada.com\/contact-us-4\/#primaryimage"},"thumbnailUrl":"https:\/\/almoqayada.com\/wp-content\/uploads\/2021\/03\/adam-solomon-WHUDOzd5IYU-unsplash-1-scaled-1.jpg","datePublished":"2021-03-05T17:38:57+00:00","breadcrumb":{"@id":"https:\/\/almoqayada.com\/contact-us-4\/#breadcrumb"},"inLanguage":"ar","potentialAction":[{"@type":"ReadAction","target":["https:\/\/almoqayada.com\/contact-us-4\/"]}]},{"@type":"ImageObject","inLanguage":"ar","@id":"https:\/\/almoqayada.com\/contact-us-4\/#primaryimage","url":"https:\/\/almoqayada.com\/wp-content\/uploads\/2021\/03\/adam-solomon-WHUDOzd5IYU-unsplash-1-scaled-1.jpg","contentUrl":"https:\/\/almoqayada.com\/wp-content\/uploads\/2021\/03\/adam-solomon-WHUDOzd5IYU-unsplash-1-scaled-1.jpg"},{"@type":"BreadcrumbList","@id":"https:\/\/almoqayada.com\/contact-us-4\/#breadcrumb","itemListElement":[{"@type":"ListItem","position":1,"name":"Accueil","item":"https:\/\/almoqayada.com\/"},{"@type":"ListItem","position":2,"name":"Nous Contacter"}]},{"@type":"WebSite","@id":"https:\/\/almoqayada.com\/#website","url":"https:\/\/almoqayada.com\/","name":"ALMOQAYADA","description":"La Plateforme Collaborative N\u00b01 de Troc et de vente d&#039;occasion au Maroc","publisher":{"@id":"https:\/\/almoqayada.com\/#organization"},"potentialAction":[{"@type":"SearchAction","target":{"@type":"EntryPoint","urlTemplate":"https:\/\/almoqayada.com\/?s={search_term_string}"},"query-input":{"@type":"PropertyValueSpecification","valueRequired":true,"valueName":"search_term_string"}}],"inLanguage":"ar"},{"@type":"Organization","@id":"https:\/\/almoqayada.com\/#organization","name":"ALMOQAYADA","url":"https:\/\/almoqayada.com\/","logo":{"@type":"ImageObject","inLanguage":"ar","@id":"https:\/\/almoqayada.com\/#\/schema\/logo\/image\/","url":"https:\/\/almoqayada.com\/wp-content\/uploads\/2022\/03\/MoQaYaDa_11_-Vaste2300x400.png","contentUrl":"https:\/\/almoqayada.com\/wp-content\/uploads\/2022\/03\/MoQaYaDa_11_-Vaste2300x400.png","width":2300,"height":400,"caption":"ALMOQAYADA"},"image":{"@id":"https:\/\/almoqayada.com\/#\/schema\/logo\/image\/"}}]}},"jetpack_sharing_enabled":true,"_links":{"self":[{"href":"https:\/\/almoqayada.com\/ar\/wp-json\/wp\/v2\/pages\/3508","targetHints":{"allow":["GET"]}}],"collection":[{"href":"https:\/\/almoqayada.com\/ar\/wp-json\/wp\/v2\/pages"}],"about":[{"href":"https:\/\/almoqayada.com\/ar\/wp-json\/wp\/v2\/types\/page"}],"author":[{"embeddable":true,"href":"https:\/\/almoqayada.com\/ar\/wp-json\/wp\/v2\/users\/1"}],"replies":[{"embeddable":true,"href":"https:\/\/almoqayada.com\/ar\/wp-json\/wp\/v2\/comments?post=3508"}],"version-history":[{"count":0,"href":"https:\/\/almoqayada.com\/ar\/wp-json\/wp\/v2\/pages\/3508\/revisions"}],"wp:attachment":[{"href":"https:\/\/almoqayada.com\/ar\/wp-json\/wp\/v2\/media?parent=3508"}],"curies":[{"name":"wp","href":"https:\/\/api.w.org\/{rel}","templated":true}]}}