{"id":526,"date":"2021-10-01T06:36:45","date_gmt":"2021-10-01T06:36:45","guid":{"rendered":"https:\/\/adforestpro.scriptsbundle.com\/?page_id=526"},"modified":"2022-11-05T21:19:49","modified_gmt":"2022-11-05T20:19:49","slug":"s-inscrire","status":"publish","type":"page","link":"https:\/\/almoqayada.com\/ar\/s-inscrire\/","title":{"rendered":"\u0625\u0641\u062a\u062d \u062d\u0633\u0627\u0628"},"content":{"rendered":"<div data-elementor-type=\"wp-page\" data-elementor-id=\"526\" class=\"elementor elementor-526\">\n\t\t\t\t\t\t<section class=\"elementor-section elementor-top-section elementor-element elementor-element-d2f2c53 elementor-section-full_width elementor-section-height-default elementor-section-height-default\" data-id=\"d2f2c53\" data-element_type=\"section\" data-e-type=\"section\">\n\t\t\t\t\t\t<div class=\"elementor-container elementor-column-gap-default\">\n\t\t\t\t\t<div class=\"elementor-column elementor-col-100 elementor-top-column elementor-element elementor-element-fe2854e\" data-id=\"fe2854e\" data-element_type=\"column\" data-e-type=\"column\">\n\t\t\t<div class=\"elementor-widget-wrap elementor-element-populated\">\n\t\t\t\t\t\t<div class=\"elementor-element elementor-element-9435698 elementor-widget elementor-widget-register_short_base\" data-id=\"9435698\" data-element_type=\"widget\" data-e-type=\"widget\" data-widget_type=\"register_short_base.default\">\n\t\t\t\t<div class=\"elementor-widget-container\">\n\t\t\t\t\t<section class=\"register-section-content\">\r\n    <div class=\"container\">\r\n        <div class=\"row\">\r\n            <div class=\"col-xxl-12 col-lg-12 col-md-12 col-sm-12\">\r\n                <div class=\"main-section-content\">                   \r\n                    <div class=\"row\">\r\n                        <div class=\"col-xl-7 col-xxl-7 col-lg-6 col-md-6 col-sm-12\">\r\n                            <div class=\"wel-register-heading\">\r\n                                <h1>Connectez-vous ou cr\u00e9er votre compte<\/h1>\r\n                                <p>Cr\u00e9er Un Compte et Faite rentrer vos informations et vos coordonner pour valider votre profil et \u00eatre contact\u00e9 facilement par des dizaines de troqueurs et acheteurs potentiels.<\/p>\r\n                                 <a class=\"btn btn-theme\" href=\"#\"   > Check <\/a>\r\n\r\n                                <div class=\"container\">\r\n                                    <div id=\"register-user-img\" class=\"register-user\">\r\n                                        <img decoding=\"async\" src=\"https:\/\/adforestpro.scriptsbundle.com\/wp-content\/uploads\/2021\/10\/user-img.png\" alt=\"\u0635\u0648\u0631\u0629\">\r\n                                    <\/div>\r\n                                <\/div>\r\n\r\n                            <\/div>\r\n\r\n                        <\/div>\r\n                         <div class=\"col-xl-5 col-xxl-5 col-lg-6 col-md-6 col-sm-12\">\r\n                         <div class=\"sign-in-account\">\r\n                         \r\n                            \t<div class=\"col-md-12 col-lg-12 col-xs-12 col-sm-12 resend_email\" style=\"display:none;\">\r\n          \t<div role=\"alert\" class=\"alert alert-info alert-dismissible\">\r\n          \t<button aria-label=\"Close\" data-dismiss=\"alert\" class=\"close\" type=\"button\"><span aria-hidden=\"true\">&#10005;<\/span><\/button>\r\n          \t\u0627\u0644\u062d\u0635\u0648\u0644 \u0639\u0644\u0649 \u0627\u0644\u0625\u062a\u062c\u0627\u0647<a href=\"javascript:void(0)\" id=\"resend_email\"> \u0625\u0639\u0627\u062f\u0647 \u0625\u0631\u0633\u0627\u0644 \u0627\u0644\u0622\u0646.<\/a>\r\n          \t<\/div>\r\n          \t<\/div>\r\n\r\n          \t<div class=\"col-md-12 col-lg-12 col-xs-12 col-sm-12 contact_admin\" style=\"display:none;\">\r\n          \t<div role=\"alert\" class=\"alert alert-info alert-dismissible\"><button aria-label=\"Close\" data-dismiss=\"alert\" class=\"close\" type=\"button\"><span aria-hidden=\"true\">&#10005;<\/span><\/button>\u0644\u0627 \u062a\u0632\u0627\u0644 \u0644\u0627 \u062a\u062d\u0635\u0644 \u0639\u0644\u0649 \u0627\u0644\u0628\u0631\u064a\u062f \u0627\u0644\u0625\u0644\u0643\u062a\u0631\u0648\u0646\u064a\u061f <a href=\"https:\/\/almoqayada.com\/ar\/contact-us-4\/\"  id=\"resend_email\"> \u0627\u062a\u0635\u0644 \u0628\u0627\u0644\u0645\u0633\u0624\u0648\u0644.<\/a><\/div>\r\n          \t<\/div>\r\n                         <h3>Bienvenue \u00e0 nouveau, veuillez vous connecter au compte ou inscrivez vous<\/h3>\r\n                         <p>Souscrivez\u00a0 a un Pack pour 10 annonces avec une estimation gratuite de vos biens . Troquez et vendez des biens. Ex: J'offre le bien\/services A contre le biens\/services B de m\u00eame \u00e9quivalence de Valeurs. En plus de publications sur la boutique en ligne<\/p>\r\n                        <form id=\"sb-sign-form\" action=\"\" >\r\n\t\t   <div class=\"form-group\">\r\n\t\t\t  <label>\u0627\u0644\u0627\u0633\u0645<\/label>\r\n\t\t\t  <input placeholder=\"\u0627\u0633\u0645\u0643\" class=\"form-control\" type=\"text\" data-parsley-required=\"true\" data-parsley-error-message=\"\u064a\u0631\u062c\u0649 \u0625\u062f\u062e\u0627\u0644 \u0627\u0633\u0645\" name=\"sb_reg_name\" id=\"sb_reg_name\">\r\n\t\t   <\/div>\r\n\t\t   <div class=\"form-group\"><label>\u0631\u0642\u0645 \u0627\u0644\u0627\u062a\u0635\u0627\u0644<\/label><input class=\"form-control\" id=\"adforest_contact_number\" name=\"sb_reg_contact\" data-parsley-type=\"integer\" data-parsley-required=\"true\" data-parsley-error-message=\"\u0647\u0630\u0627 \u0627\u0644\u062d\u0642\u0644 \u0645\u0637\u0644\u0648\u0628 \u0648\u064a\u062c\u0628 \u0623\u0646 \u064a\u0643\u0648\u0646 \u0642\u064a\u0645\u0629 \u0635\u062d\u064a\u062d\u0629\" placeholder=\"\u0631\u0642\u0645 \u0627\u0644\u0627\u062a\u0635\u0627\u0644 \u0627\u0644\u062e\u0627\u0635 \u0628\u0643\" type=\"text\"><\/div>\r\n\t\t   <div class=\"form-group\">\r\n\t\t\t  <label>\u0627\u0644\u0628\u0631\u064a\u062f \u0627\u0644\u0625\u0644\u0643\u062a\u0631\u0648\u0646\u064a<\/label>\r\n\t\t\t  <input placeholder=\"\u0636\u0639 \u0627\u064a\u0645\u064a\u0644\u0643\" class=\"form-control\" type=\"email\" data-parsley-type=\"email\" data-parsley-required=\"true\" data-parsley-error-message=\"\u0641\u0636\u0644\u0627\u064b \u0627\u062f\u062e\u0644 \u0627\u0644\u0628\u0631\u064a\u062f \u0627\u0644\u0625\u0644\u0643\u062a\u0631\u0648\u0646\u064a \u0627\u0644\u062e\u0627\u0635 \u0628\u0643.\" data-parsley-trigger=\"change\" name=\"sb_reg_email\" id=\"sb_reg_email\">\r\n\t\t   <\/div>\r\n\t\t   <div class=\"form-group password_group\">\r\n\t\t\t  <label>\u0643\u0644\u0645\u0629 \u0627\u0644\u0645\u0631\u0648\u0631<\/label>\r\n\t\t\t  <span class=\"sb_show_pass\"><i class=\"fa fa-eye\" aria-hidden=\"true\"><\/i><\/span><input placeholder=\"\u0643\u0644\u0645\u0629 \u0627\u0644\u0645\u0631\u0648\u0631\" class=\"form-control\" type=\"password\" data-parsley-required=\"true\" data-parsley-error-message=\"\u0627\u0644\u0631\u062c\u0627\u0621 \u0625\u062f\u062e\u0627\u0644 \u0643\u0644\u0645\u0629 \u0627\u0644\u0645\u0631\u0648\u0631\" name=\"sb_reg_password\"  id=\"sb_reg_password\">\r\n                              \r\n\t\t   <\/div>\r\n                   \r\n                   <div class=\"form-group password_group\">\r\n\t\t\t  <label>\u0643\u0644\u0645\u0647 \u0627\u0644\u0633\u0631 \u062a\u0627\u0643\u064a\u062f \u0643\u0644\u0645\u0647 \u0627\u0644\u0633\u0631 \u063a\u064a\u0631 \u0645\u062a\u0637\u0627\u0628\u0642\u0629<\/label>\r\n                              <span class=\"sb_show_pass2\"><i class=\"fa fa-eye\" aria-hidden=\"true\"><\/i><\/span><input placeholder=\"\u062a\u0623\u0643\u064a\u062f \u0643\u0644\u0645\u0629 \u0627\u0644\u0645\u0631\u0648\u0631 \u0627\u0644\u062e\u0627\u0635\u0629 \u0628\u0643\" class=\"form-control\" type=\"password\" data-parsley-required=\"true\" data-parsley-error-message=\"\u0643\u0644\u0645\u0629 \u0627\u0644\u0645\u0631\u0648\u0631 \u063a\u064a\u0631 \u0645\u062a\u0637\u0627\u0628\u0642\u0629\" name=\"sb_reg_password_confirm\" data-parsley-equalto=\"#sb_reg_password\">                \r\n                    <\/div>\r\n\t\t   <div class=\"form-group\">\r\n\t\t\t  <div class=\"row\">\r\n\t\t\t\t <div class=\"col-xs-12 col-md-12 col-sm-12\">\r\n\t\t\t\t\t<div class=\"skin-minimal\">\r\n\t\t\t\t\t   <ul class=\"list\">\r\n\t\t\t\t\t\t  <li>\r\n\t\t\t\t\t\t\t <input  type=\"checkbox\" id=\"minimal-checkbox-1\" name=\"minimal-checkbox-1\" data-parsley-required=\"true\" data-parsley-error-message=\"\u0627\u0644\u0623\u062d\u0643\u0627\u0645 \u0648\u0627\u0644\u0634\u0631\u0648\u0637\">\r\n\t\t\t\t\t\t\t <label for=\"minimal-checkbox-1\">\u0623\u0648\u0627\u0641\u0642 \u0639\u0644\u0649 \u0630\u0644\u0643 <a href=\"#\"  target=\"__blank\"   rel=\"nofollow\"  > Terms and Conditions<\/a><\/label>\r\n\t\t\t\t\t\t  <\/li>\r\n                                         <li><input type=\"checkbox\" id=\"minimal-subscriber-1\" name=\"minimal-subscriber-1\"> <label for=\"minimal-subscriber-1\">Abonnez-vous pour les derni\u00e8res nouvelles et mises \u00e0 jour<\/label><\/li>\r\n\t\t\t\t\t   <\/ul>\r\n\t\t\t\t\t<\/div>\r\n\t\t\t\t <\/div>\r\n\t\t\t  <\/div>\r\n\t\t   <\/div>\r\n\t\t<input type=\"hidden\" value=\"no\" name=\"is_captcha\" \/>\r\n                    <input type=\"hidden\" id=\"sb-register-token\" value=\"65a7245dcd\" \/>\r\n\t\t   <button class=\"btn btn-theme btn-lg btn-block\" type=\"submit\" id=\"sb_register_submit\">\u062a\u0633\u062c\u064a\u0644<\/button>\r\n\t\t   <button class=\"btn btn-theme btn-lg btn-block no-display\" type=\"button\" id=\"sb_register_msg\">\u0645\u0639\u0627\u0644\u062c\u0629...<\/button>\r\n\t\t   <button class=\"btn btn-theme btn-lg btn-block no-display\" type=\"button\" id=\"sb_register_redirect\">\u0625\u0639\u0627\u062f\u0629 \u062a\u0648\u062c\u064a\u0647...<\/button>\r\n\t\t   <br \/>\r\n\t\t \r\n\t\t\t\t\t<\/p>\r\n\t\t   <input type=\"hidden\" id=\"get_action\" value=\"register\" \/>\r\n\t\t   <input type=\"hidden\" id=\"nonce_register\" value=\"1776379519\" \/>\r\n\t\t   <input type=\"hidden\" id=\"verify_account_msg\" value=\"\u062a\u0645 \u0625\u0631\u0633\u0627\u0644 \u0631\u0633\u0627\u0644\u0629 \u0627\u0644\u062a\u0623\u0643\u064a\u062f \u0627\u0644\u0649 \u0627\u0644\u0628\u0631\u064a\u062f \u0627\u0644\u0625\u0644\u0643\u062a\u0631\u0648\u0646\u064a \u062f\u064a\u0627\u0644\u0643, \u0634\u0648\u0641\u0648 \u0648 \u0627\u0643\u062f \u0627\u0644\u0627\u0645\u064a\u0644 \u062f\u064a\u0627\u0644\u0643 \u0645\u0646 \u0641\u0636\u0644\u0643.\" \/>\r\n                   <input type=\"hidden\" id=\"admin_verify_account\" value=\"\u0633\u064a\u0642\u0648\u0645 \u0627\u0644\u0645\u0633\u0624\u0648\u0644 \u0628\u0627\u0644\u062a\u062d\u0642\u0642 \u0645\u0646 accouunt \u0627\u0644\u062e\u0627\u0635 \u0628\u0643 \u0648\u0625\u0639\u0644\u0627\u0645\u0643 \u0642\u0631\u064a\u0628\u0627.\" \/>\r\n\t\t<input type=\"hidden\" name=\"trp-form-language\" value=\"ar\"\/><\/form>\r\n                         <div class=\"option-social\">\r\n                                                 <span>\u0623\u0648<\/span>\r\n                                       <\/div>\r\n                             <a class=\"btn btn-theme btn-lg btn-block\"  href=\"https:\/\/almoqayada.com\/ar\/s-inscrire\/?reg_type=phone\">\u0627\u0644\u062a\u0633\u062c\u064a\u0644 \u0628\u0627\u0633\u062a\u062e\u062f\u0627\u0645 \u0631\u0642\u0645 \u0627\u0644\u0647\u0627\u062a\u0641<\/a>\r\n                         <div class=\"social-list\">\r\n                           <ul class=\"social-item\">\r\n                          \r\n                              <\/ul>\r\n                          <\/div>\r\n                          <div class=\"register-account-here\">\r\n                           <p class=\"text-center\"><span>\u0647\u0644 \u0623\u0646\u062a \u0645\u0633\u062c\u0644 \u0628\u0627\u0644\u0641\u0639\u0644\u061f <\/span><a href=\"https:\/\/almoqayada.com\/ar\/login-3\/\">\u062a\u0633\u062c\u064a\u0644 \u0627\u0644\u062f\u062e\u0648\u0644 \u0647\u0646\u0627.<\/a>\r\n                        \r\n                          <\/div>\r\n                            \r\n                         <\/div>\r\n                          <\/div>\r\n\r\n                    <\/div>\r\n               \r\n                <\/div>\r\n            <\/div>\r\n            <input type=\"hidden\"   id=\"sb-fb-apikey\" value= \"AIzaSyDGNULCDtCocdA7h8G6kIEh1HmBmh7C3SM\"> \r\n            <input type=\"hidden\"   id=\"sb-fb-projectid\"   value= \"almoqayada-19f1c\"> \r\n            <input type=\"hidden\"   id=\"sb-fb-senderid\"   value= \"\"> \r\n            <input type=\"hidden\"   id=\"sb-fb-appid\"    value= \"1:4948438260:android:164f10a03a0675a6cc42a1\">  \r\n                <input type =\"hidden\" value= \"https:\/\/almoqayada.com\/wp-admin\/admin-ajax.php\" id=\"ajax_url\">\r\n          <input type=\"hidden\" id=\"verification-notice\" value=\"\u062a\u0645 \u0625\u0631\u0633\u0627\u0644 \u0631\u0645\u0632 \u0627\u0644\u062a\u062d\u0642\u0642 \u0625\u0644\u0649 \" \/>\r\n              <input type=\"hidden\" id=\"profile_page\" value=\"https:\/\/almoqayada.com\/ar\/profile\/\" \/>\r\n        <\/div>\r\n    <\/div>\r\n            <\/section>\r\n            \t\t\t\t<\/div>\n\t\t\t\t<\/div>\n\t\t\t\t\t<\/div>\n\t\t<\/div>\n\t\t\t\t\t<\/div>\n\t\t<\/section>\n\t\t\t\t<\/div>","protected":false},"excerpt":{"rendered":"<p>Connectez-vous ou cr\u00e9er votre compte Cr\u00e9er Un Compte et Faite rentrer vos informations et vos coordonner pour valider votre profil et \u00eatre contact\u00e9 facilement par des dizaines de troqueurs et acheteurs potentiels. Bienvenue \u00e0 nouveau, veuillez vous connecter au compte ou inscrivez vous Souscrivez\u00a0 a un Pack pour 10 annonces avec une estimation gratuite de [&hellip;]<\/p>\n","protected":false},"author":1,"featured_media":0,"parent":0,"menu_order":0,"comment_status":"closed","ping_status":"closed","template":"","meta":{"footnotes":""},"class_list":["post-526","page","type-page","status-publish","hentry"],"yoast_head":"<!-- This site is optimized with the Yoast SEO plugin v26.9 - https:\/\/yoast.com\/product\/yoast-seo-wordpress\/ -->\n<title>S&#039;inscrire - ALMOQAYADA<\/title>\n<meta name=\"robots\" content=\"index, follow, max-snippet:-1, max-image-preview:large, max-video-preview:-1\" \/>\n<link rel=\"canonical\" href=\"https:\/\/almoqayada.com\/ar\/s-inscrire\/\" \/>\n<meta property=\"og:locale\" content=\"ar_AR\" \/>\n<meta property=\"og:type\" content=\"article\" \/>\n<meta property=\"og:title\" content=\"S&#039;inscrire - ALMOQAYADA\" \/>\n<meta property=\"og:description\" content=\"Connectez-vous ou cr\u00e9er votre compte Cr\u00e9er Un Compte et Faite rentrer vos informations et vos coordonner pour valider votre profil et \u00eatre contact\u00e9 facilement par des dizaines de troqueurs et acheteurs potentiels. Bienvenue \u00e0 nouveau, veuillez vous connecter au compte ou inscrivez vous Souscrivez\u00a0 a un Pack pour 10 annonces avec une estimation gratuite de [&hellip;]\" \/>\n<meta property=\"og:url\" content=\"https:\/\/almoqayada.com\/ar\/s-inscrire\/\" \/>\n<meta property=\"og:site_name\" content=\"ALMOQAYADA\" \/>\n<meta property=\"article:modified_time\" content=\"2022-11-05T20:19:49+00:00\" \/>\n<meta property=\"og:image\" content=\"https:\/\/almoqayada.com\/appfr\/wp-content\/uploads\/2021\/10\/user-img.png\" \/>\n<meta name=\"twitter:card\" content=\"summary_large_image\" \/>\n<meta name=\"twitter:label1\" content=\"\u0648\u0642\u062a \u0627\u0644\u0642\u0631\u0627\u0621\u0629 \u0627\u0644\u0645\u064f\u0642\u062f\u0651\u0631\" \/>\n\t<meta name=\"twitter:data1\" content=\"\u062f\u0642\u064a\u0642\u0629 \u0648\u0627\u062d\u062f\u0629\" \/>\n<script type=\"application\/ld+json\" class=\"yoast-schema-graph\">{\"@context\":\"https:\/\/schema.org\",\"@graph\":[{\"@type\":\"WebPage\",\"@id\":\"https:\/\/almoqayada.com\/s-inscrire\/\",\"url\":\"https:\/\/almoqayada.com\/s-inscrire\/\",\"name\":\"S'inscrire - ALMOQAYADA\",\"isPartOf\":{\"@id\":\"https:\/\/almoqayada.com\/#website\"},\"primaryImageOfPage\":{\"@id\":\"https:\/\/almoqayada.com\/s-inscrire\/#primaryimage\"},\"image\":{\"@id\":\"https:\/\/almoqayada.com\/s-inscrire\/#primaryimage\"},\"thumbnailUrl\":\"https:\/\/almoqayada.com\/appfr\/wp-content\/uploads\/2021\/10\/user-img.png\",\"datePublished\":\"2021-10-01T06:36:45+00:00\",\"dateModified\":\"2022-11-05T20:19:49+00:00\",\"breadcrumb\":{\"@id\":\"https:\/\/almoqayada.com\/s-inscrire\/#breadcrumb\"},\"inLanguage\":\"ar\",\"potentialAction\":[{\"@type\":\"ReadAction\",\"target\":[\"https:\/\/almoqayada.com\/s-inscrire\/\"]}]},{\"@type\":\"ImageObject\",\"inLanguage\":\"ar\",\"@id\":\"https:\/\/almoqayada.com\/s-inscrire\/#primaryimage\",\"url\":\"https:\/\/almoqayada.com\/appfr\/wp-content\/uploads\/2021\/10\/user-img.png\",\"contentUrl\":\"https:\/\/almoqayada.com\/appfr\/wp-content\/uploads\/2021\/10\/user-img.png\"},{\"@type\":\"BreadcrumbList\",\"@id\":\"https:\/\/almoqayada.com\/s-inscrire\/#breadcrumb\",\"itemListElement\":[{\"@type\":\"ListItem\",\"position\":1,\"name\":\"Accueil\",\"item\":\"https:\/\/almoqayada.com\/\"},{\"@type\":\"ListItem\",\"position\":2,\"name\":\"S&#8217;inscrire\"}]},{\"@type\":\"WebSite\",\"@id\":\"https:\/\/almoqayada.com\/#website\",\"url\":\"https:\/\/almoqayada.com\/\",\"name\":\"ALMOQAYADA\",\"description\":\"La Plateforme Collaborative N\u00b01 de Troc et de vente d&#039;occasion au Maroc\",\"publisher\":{\"@id\":\"https:\/\/almoqayada.com\/#organization\"},\"potentialAction\":[{\"@type\":\"SearchAction\",\"target\":{\"@type\":\"EntryPoint\",\"urlTemplate\":\"https:\/\/almoqayada.com\/?s={search_term_string}\"},\"query-input\":{\"@type\":\"PropertyValueSpecification\",\"valueRequired\":true,\"valueName\":\"search_term_string\"}}],\"inLanguage\":\"ar\"},{\"@type\":\"Organization\",\"@id\":\"https:\/\/almoqayada.com\/#organization\",\"name\":\"ALMOQAYADA\",\"url\":\"https:\/\/almoqayada.com\/\",\"logo\":{\"@type\":\"ImageObject\",\"inLanguage\":\"ar\",\"@id\":\"https:\/\/almoqayada.com\/#\/schema\/logo\/image\/\",\"url\":\"https:\/\/almoqayada.com\/wp-content\/uploads\/2022\/03\/MoQaYaDa_11_-Vaste2300x400.png\",\"contentUrl\":\"https:\/\/almoqayada.com\/wp-content\/uploads\/2022\/03\/MoQaYaDa_11_-Vaste2300x400.png\",\"width\":2300,\"height\":400,\"caption\":\"ALMOQAYADA\"},\"image\":{\"@id\":\"https:\/\/almoqayada.com\/#\/schema\/logo\/image\/\"}}]}<\/script>\n<!-- \/ Yoast SEO plugin. -->","yoast_head_json":{"title":"S'inscrire - ALMOQAYADA","robots":{"index":"index","follow":"follow","max-snippet":"max-snippet:-1","max-image-preview":"max-image-preview:large","max-video-preview":"max-video-preview:-1"},"canonical":"https:\/\/almoqayada.com\/ar\/s-inscrire\/","og_locale":"ar_AR","og_type":"article","og_title":"S'inscrire - ALMOQAYADA","og_description":"Connectez-vous ou cr\u00e9er votre compte Cr\u00e9er Un Compte et Faite rentrer vos informations et vos coordonner pour valider votre profil et \u00eatre contact\u00e9 facilement par des dizaines de troqueurs et acheteurs potentiels. Bienvenue \u00e0 nouveau, veuillez vous connecter au compte ou inscrivez vous Souscrivez\u00a0 a un Pack pour 10 annonces avec une estimation gratuite de [&hellip;]","og_url":"https:\/\/almoqayada.com\/ar\/s-inscrire\/","og_site_name":"ALMOQAYADA","article_modified_time":"2022-11-05T20:19:49+00:00","og_image":[{"url":"https:\/\/almoqayada.com\/appfr\/wp-content\/uploads\/2021\/10\/user-img.png","type":"","width":"","height":""}],"twitter_card":"summary_large_image","twitter_misc":{"\u0648\u0642\u062a \u0627\u0644\u0642\u0631\u0627\u0621\u0629 \u0627\u0644\u0645\u064f\u0642\u062f\u0651\u0631":"\u062f\u0642\u064a\u0642\u0629 \u0648\u0627\u062d\u062f\u0629"},"schema":{"@context":"https:\/\/schema.org","@graph":[{"@type":"WebPage","@id":"https:\/\/almoqayada.com\/s-inscrire\/","url":"https:\/\/almoqayada.com\/s-inscrire\/","name":"S'inscrire - ALMOQAYADA","isPartOf":{"@id":"https:\/\/almoqayada.com\/#website"},"primaryImageOfPage":{"@id":"https:\/\/almoqayada.com\/s-inscrire\/#primaryimage"},"image":{"@id":"https:\/\/almoqayada.com\/s-inscrire\/#primaryimage"},"thumbnailUrl":"https:\/\/almoqayada.com\/appfr\/wp-content\/uploads\/2021\/10\/user-img.png","datePublished":"2021-10-01T06:36:45+00:00","dateModified":"2022-11-05T20:19:49+00:00","breadcrumb":{"@id":"https:\/\/almoqayada.com\/s-inscrire\/#breadcrumb"},"inLanguage":"ar","potentialAction":[{"@type":"ReadAction","target":["https:\/\/almoqayada.com\/s-inscrire\/"]}]},{"@type":"ImageObject","inLanguage":"ar","@id":"https:\/\/almoqayada.com\/s-inscrire\/#primaryimage","url":"https:\/\/almoqayada.com\/appfr\/wp-content\/uploads\/2021\/10\/user-img.png","contentUrl":"https:\/\/almoqayada.com\/appfr\/wp-content\/uploads\/2021\/10\/user-img.png"},{"@type":"BreadcrumbList","@id":"https:\/\/almoqayada.com\/s-inscrire\/#breadcrumb","itemListElement":[{"@type":"ListItem","position":1,"name":"Accueil","item":"https:\/\/almoqayada.com\/"},{"@type":"ListItem","position":2,"name":"S&#8217;inscrire"}]},{"@type":"WebSite","@id":"https:\/\/almoqayada.com\/#website","url":"https:\/\/almoqayada.com\/","name":"ALMOQAYADA","description":"La Plateforme Collaborative N\u00b01 de Troc et de vente d&#039;occasion au Maroc","publisher":{"@id":"https:\/\/almoqayada.com\/#organization"},"potentialAction":[{"@type":"SearchAction","target":{"@type":"EntryPoint","urlTemplate":"https:\/\/almoqayada.com\/?s={search_term_string}"},"query-input":{"@type":"PropertyValueSpecification","valueRequired":true,"valueName":"search_term_string"}}],"inLanguage":"ar"},{"@type":"Organization","@id":"https:\/\/almoqayada.com\/#organization","name":"ALMOQAYADA","url":"https:\/\/almoqayada.com\/","logo":{"@type":"ImageObject","inLanguage":"ar","@id":"https:\/\/almoqayada.com\/#\/schema\/logo\/image\/","url":"https:\/\/almoqayada.com\/wp-content\/uploads\/2022\/03\/MoQaYaDa_11_-Vaste2300x400.png","contentUrl":"https:\/\/almoqayada.com\/wp-content\/uploads\/2022\/03\/MoQaYaDa_11_-Vaste2300x400.png","width":2300,"height":400,"caption":"ALMOQAYADA"},"image":{"@id":"https:\/\/almoqayada.com\/#\/schema\/logo\/image\/"}}]}},"jetpack_sharing_enabled":true,"_links":{"self":[{"href":"https:\/\/almoqayada.com\/ar\/wp-json\/wp\/v2\/pages\/526","targetHints":{"allow":["GET"]}}],"collection":[{"href":"https:\/\/almoqayada.com\/ar\/wp-json\/wp\/v2\/pages"}],"about":[{"href":"https:\/\/almoqayada.com\/ar\/wp-json\/wp\/v2\/types\/page"}],"author":[{"embeddable":true,"href":"https:\/\/almoqayada.com\/ar\/wp-json\/wp\/v2\/users\/1"}],"replies":[{"embeddable":true,"href":"https:\/\/almoqayada.com\/ar\/wp-json\/wp\/v2\/comments?post=526"}],"version-history":[{"count":11,"href":"https:\/\/almoqayada.com\/ar\/wp-json\/wp\/v2\/pages\/526\/revisions"}],"predecessor-version":[{"id":3955,"href":"https:\/\/almoqayada.com\/ar\/wp-json\/wp\/v2\/pages\/526\/revisions\/3955"}],"wp:attachment":[{"href":"https:\/\/almoqayada.com\/ar\/wp-json\/wp\/v2\/media?parent=526"}],"curies":[{"name":"wp","href":"https:\/\/api.w.org\/{rel}","templated":true}]}}