{"id":3752,"date":"2022-10-11T00:21:38","date_gmt":"2022-10-10T23:21:38","guid":{"rendered":"https:\/\/almoqayada.com\/appfr\/?post_type=product&#038;p=3752"},"modified":"2022-10-11T14:54:10","modified_gmt":"2022-10-11T13:54:10","slug":"casque-sans-fil-ecouteur","status":"publish","type":"product","link":"https:\/\/almoqayada.com\/ar\/product\/casque-sans-fil-ecouteur\/","title":{"rendered":"Casque Sans Fil \u00c9couteur"},"content":{"rendered":"<section id=\"PBS-2di6p1636708898512\" class=\"section page-section title-section PBS-2di6p1636708898512\">\n<div class=\"inner-container\">\n<div class=\"inner-title\" data-pb-debug=\"margin padding\">\n<div class=\"fr-view\">\n<p class=\"title-section-content\"><a class=\"title-section-text\" href=\"https:\/\/outilsmagiques.online\/pages\/headphone\" target=\"_blank\" rel=\"noopener\" data-pb-section=\"PBS-2di6p1636708898512\" data-pb-field=\"text\" data-pb-type=\"text\" data-pb-value=\"\u0633\u0645\u0627\u0639\u0629 \u0631\u062c\u0627\u0644 \u0627\u0644\u0623\u0639\u0645\u0627\u0644 \u0627\u0644\u0623\u0643\u062b\u0631 \u0637\u0644\u0628\u0627 \u0641\u064a \u0623\u0631\u0648\u0628\u0627\">Le casque professionnel le plus recherch\u00e9 \u00e0 Aruba<\/a><\/p>\n<\/div>\n<div class=\"subtitle-holder\" data-pb-debug=\"margin\">\n<p class=\"subtitle-section-content\" data-pb-section=\"PBS-2di6p1636708898512\" data-pb-field=\"subtitle\" data-pb-type=\"text\" data-pb-value=\"Headset Wireless Earphone\">Casque Sans Fil \u00c9couteur<\/p>\n<\/div>\n<\/div>\n<\/div>\n<\/section>\n<section id=\"PBS-9cl2e1636708765284\" class=\"section page-section enumeration-section PBS-9cl2e1636708765284\">\n<div class=\"inner-container\">\n<div class=\"inner-enumeration\" data-pb-debug=\"margin\">\n<div class=\"fr-view\" style=\"box-sizing: border-box; overflow-wrap: break-word;\" data-pb-section=\"PBS-9cl2e1636708765284\" data-pb-field=\"body\" data-pb-type=\"html-editor\" data-pb-block=\"listItem\" data-pb-index=\"0\" data-pb-value=\"&lt;p style=&quot;text-align: justify; margin-left: 20px;&quot;&gt;&lt;span style=&quot;font-size: 36px;&quot;&gt;&lt;span dir=&quot;RTL&quot;&gt;\u0627\u062a\u0635\u0627\u0644 \u0645\u0633\u062a\u0642\u0631 \u0648 \u0645\u0631\u064a\u062d&lt;\/span&gt;\u2714&lt;\/span&gt;&lt;\/p&gt;&lt;p style=&quot;text-align: justify; margin-left: 20px;&quot;&gt;&lt;span style=&quot;font-size: 36px;&quot;&gt;&amp;nbsp; \u0628\u0637\u0627\u0631\u064a\u0629 \u062a\u062f\u0648\u0645 \u0637\u0648\u064a\u0644\u0627&amp;nbsp;&lt;\/span&gt;&lt;span style=&quot;color: rgb(255, 255, 255); font-family: sans-serif; font-style: normal; font-variant-ligatures: normal; font-variant-caps: normal; font-weight: 400; letter-spacing: normal; orphans: 2; text-align: justify; text-indent: 0px; text-transform: none; white-space: normal; widows: 2; word-spacing: 0px; -webkit-text-stroke-width: 0px; text-decoration-thickness: initial; text-decoration-style: initial; text-decoration-color: initial; float: none; font-size: 36px; display: inline !important;&quot;&gt;\u2714&lt;\/span&gt;&lt;span style=&quot;font-size: 36px;&quot;&gt;&amp;nbsp;&lt;\/span&gt;&lt;\/p&gt;&lt;p style=&quot;text-align: justify; margin-left: 20px;&quot;&gt;&lt;span style=&quot;font-size: 36px;&quot;&gt;&lt;span dir=&quot;RTL&quot;&gt;\u0627\u062a\u0635\u0627\u0644 \u0641\u0627\u0626\u0642 \u0627\u0644\u0633\u0631\u0639\u0629&lt;\/span&gt; \u2714 &amp;nbsp; &amp;nbsp; &amp;nbsp;&lt;\/span&gt;&lt;\/p&gt;\">\n<ul>\n<li><span dir=\"RTL\">Connexion stable et confortable<\/span>\u00a0\u2714<\/li>\n<li>Longue dur\u00e9e de vie de la batterie \u2714<\/li>\n<li>Connexion ultra-rapide\u00a0\u2714<\/li>\n<\/ul>\n<p><a class=\"title-section-text\" href=\"https:\/\/almoqayada.com\/ar\/product\/casque-sans-fil-ecouteur\/\" target=\"_blank\" rel=\"noopener\" data-pb-section=\"PBS-3j3jbf1636714097594\" data-pb-field=\"text\" data-pb-type=\"text\" data-pb-value=\"\u062a\u0642\u0646\u064a\u0629 \u0625\u0644\u063a\u0627\u0621 \u0627\u0644\u0636\u062c\u064a\u062c \u0627\u0644\u0630\u0643\u064a\u0629\">Technologie intelligente de suppression du bruit<\/a><\/p>\n<p><span style=\"font-family: Consolas, Monaco, monospace;\">Ce casque Bluetooth professionnel de haute qualit\u00e9 est durable, <\/span><span style=\"font-family: Consolas, Monaco, monospace;\">l\u00e9ger et peut \u00eatre port\u00e9 pendant longtemps pendant la conduite, <\/span><span style=\"font-family: Consolas, Monaco, monospace;\">le travail et le jogging, avec une suppression du bruit de pointe <\/span><span style=\"font-family: Consolas, Monaco, monospace;\">et une qualit\u00e9 sonore sup\u00e9rieure, le casque bloque 80 % du bruit avec <\/span><span style=\"font-family: Consolas, Monaco, monospace;\">la technologie du microphone, de sorte que vous peut entendre et <\/span><span style=\"font-family: Consolas, Monaco, monospace;\">entendre clairement quoi qu&rsquo;il arrive.<\/span><\/p>\n<section id=\"PBS-p16wqd1636717783012\" class=\"section page-section title-section PBS-p16wqd1636717783012\">\n<div class=\"inner-container\">\n<div class=\"inner-title\" data-pb-debug=\"margin padding\">\n<div class=\"fr-view\">\n<p class=\"title-section-content\"><a class=\"title-section-text\" href=\"https:\/\/almoqayada.com\/ar\/product\/casque-sans-fil-ecouteur\/\" target=\"_blank\" rel=\"noopener\" data-pb-section=\"PBS-p16wqd1636717783012\" data-pb-field=\"text\" data-pb-type=\"text\" data-pb-value=\"\u0627\u0644\u0645\u0645\u064a\u0632\u0627\u062a\">Avantages<\/a><\/p>\n<\/div>\n<\/div>\n<\/div>\n<\/section>\n<section id=\"PBS-nixq21641576199538\" class=\"section page-section column-section PBS-nixq21641576199538\">\n<div class=\"inner-container\">\n<div class=\"inner-column\" data-pb-debug=\"margin padding\">\n<div class=\"column-child\">\n<section id=\"PBS-8z2g981641488132852\" class=\"section page-section icon-content-box-section content-box-with-icon-section PBS-8z2g981641488132852\">\n<div class=\"container inner-content-box-with-icon\" data-pb-debug=\"margin padding\">\n<ul class=\"list-unstyled\">\n<li id=\"box-ZihRsOzesQX9QB3v\" class=\"content-box\" data-pb-debug=\"margin\"><i class=\"fas fa-headset\"><\/i><br \/>\n<h3 class=\"title\" data-pb-section=\"PBS-8z2g981641488132852\" data-pb-field=\"title-text\" data-pb-type=\"text\" data-pb-block=\"boxes\" data-pb-index=\"0\" data-pb-value=\"\u0635\u0648\u062a\u0643 \u0645\u0633\u0645\u0648\u0639 \u062f\u0627\u0626\u0645\u064b\u0627\">Ta voix est toujours entendue<\/h3>\n<p class=\"description\" data-pb-section=\"PBS-8z2g981641488132852\" data-pb-field=\"content-text\" data-pb-type=\"textarea\" data-pb-block=\"boxes\" data-pb-index=\"0\" data-pb-value=\"\u0645\u064a\u0643\u0631\u0648\u0641\u0648\u0646 \u0645\u062f\u0645\u062c \u0639\u0627\u0644\u064a \u0627\u0644\u062f\u0642\u0629\">Microphone HD int\u00e9gr\u00e9<\/p>\n<\/li>\n<\/ul>\n<\/div>\n<\/section>\n<\/div>\n<div class=\"column-child\">\n<section id=\"PBS-27hcd1641488154436\" class=\"section page-section icon-content-box-section content-box-with-icon-section PBS-27hcd1641488154436\">\n<div class=\"container inner-content-box-with-icon\" data-pb-debug=\"margin padding\">\n<ul class=\"list-unstyled\">\n<li id=\"box-kGZR0q1sJRt1OzZS\" class=\"content-box\" data-pb-debug=\"margin\"><i class=\"fas fa-hand-holding-water\"><\/i><br \/>\n<h3 class=\"title\" data-pb-section=\"PBS-27hcd1641488154436\" data-pb-field=\"title-text\" data-pb-type=\"text\" data-pb-block=\"boxes\" data-pb-index=\"0\" data-pb-value=\"\u0645\u0642\u0627\u0648\u0645\u0629 \u0644\u0644\u0645\u0627\u0621\">r\u00e9sistant \u00e0 l&rsquo;eau<\/h3>\n<p class=\"description\" data-pb-section=\"PBS-27hcd1641488154436\" data-pb-field=\"content-text\" data-pb-type=\"textarea\" data-pb-block=\"boxes\" data-pb-index=\"0\" data-pb-value=\"\u0627\u0633\u062a\u0639\u0645\u0627\u0644 \u0641\u064a \u062c\u0645\u064a\u0639 \u0627\u0644\u0641\u0635\u0648\u0644\">Utilisation en toutes saisons<\/p>\n<\/li>\n<\/ul>\n<\/div>\n<\/section>\n<\/div>\n<\/div>\n<\/div>\n<\/section>\n<section id=\"PBS-w7b79b1641575989182\" class=\"section page-section column-section PBS-w7b79b1641575989182\">\n<div class=\"inner-container\">\n<div class=\"inner-column\" data-pb-debug=\"margin padding\">\n<div class=\"column-child\">\n<section id=\"PBS-z3k6981641488157836\" class=\"section page-section icon-content-box-section content-box-with-icon-section PBS-z3k6981641488157836\">\n<div class=\"container inner-content-box-with-icon\" data-pb-debug=\"margin padding\">\n<ul class=\"list-unstyled\">\n<li id=\"box-jCbwoc2V1FTMpzBB\" class=\"content-box\" data-pb-debug=\"margin\"><i class=\"fas fa-battery-three-quarters\"><\/i><br \/>\n<h3 class=\"title\" data-pb-section=\"PBS-z3k6981641488157836\" data-pb-field=\"title-text\" data-pb-type=\"text\" data-pb-block=\"boxes\" data-pb-index=\"0\" data-pb-value=\"\u0628\u0637\u0627\u0631\u064a\u0629 \u0642\u0648\u064a\u0629\">batterie puissante<\/h3>\n<p class=\"description\" data-pb-section=\"PBS-z3k6981641488157836\" data-pb-field=\"content-text\" data-pb-type=\"textarea\" data-pb-block=\"boxes\" data-pb-index=\"0\" data-pb-value=\"\u0627\u0633\u062a\u0639\u0645\u0627\u0644 \u0644\u0623\u0643\u062b\u0631 \u0645\u0646 7 \u0633\u0627\u0639\u0627\u062a\">Utilisation pendant plus de 7 heures<\/p>\n<\/li>\n<\/ul>\n<\/div>\n<\/section>\n<\/div>\n<div class=\"column-child\">\n<section id=\"PBS-r6ztz41641488161413\" class=\"section page-section icon-content-box-section content-box-with-icon-section PBS-r6ztz41641488161413\">\n<div class=\"container inner-content-box-with-icon\" data-pb-debug=\"margin padding\">\n<ul class=\"list-unstyled\">\n<li id=\"box-2nDl7BLvBTiJwpIN\" class=\"content-box\" data-pb-debug=\"margin\"><i class=\"fas fa-volume-up\"><\/i><br \/>\n<h3 class=\"title\" data-pb-section=\"PBS-r6ztz41641488161413\" data-pb-field=\"title-text\" data-pb-type=\"text\" data-pb-block=\"boxes\" data-pb-index=\"0\" data-pb-value=\"\u0635\u0648\u062a \u062e\u0627\u0644 \u0645\u0646 \u0627\u0644\u0636\u062c\u064a\u062c\">Son sans bruit<\/h3>\n<p class=\"description\" data-pb-section=\"PBS-r6ztz41641488161413\" data-pb-field=\"content-text\" data-pb-type=\"textarea\" data-pb-block=\"boxes\" data-pb-index=\"0\" data-pb-value=\"\u062c\u0648\u062f\u0629 \u0627\u0644\u0635\u0648\u062a \u0645\u0645\u062a\u0627\u0632\u0629\">Excellente qualit\u00e9 sonore<\/p>\n<\/li>\n<\/ul>\n<\/div>\n<\/section>\n<\/div>\n<\/div>\n<\/div>\n<\/section>\n<\/div>\n<\/div>\n<\/div>\n<\/section>\n<section id=\"PBS-hc5ci1636712612349\" class=\"section page-section title-section PBS-hc5ci1636712612349\">\n<div class=\"inner-container\">\n<div class=\"inner-title\" data-pb-debug=\"margin padding\">\n<div class=\"fr-view\">\n<p class=\"title-section-content\"><a class=\"title-section-text\" href=\"https:\/\/almoqayada.com\/ar\/product\/casque-sans-fil-ecouteur\/\" target=\"_blank\" rel=\"noopener\" data-pb-section=\"PBS-hc5ci1636712612349\" data-pb-field=\"text\" data-pb-type=\"text\" data-pb-value=\"\u0641\u0642\u0637 \u0628 399 \u062f\u0631\u0647\u0645\">Seulement pour 499 dirhams<\/a><\/p>\n<\/div>\n<div class=\"subtitle-holder\" data-pb-debug=\"margin\">\n<p class=\"subtitle-section-content\" data-pb-section=\"PBS-hc5ci1636712612349\" data-pb-field=\"subtitle\" data-pb-type=\"text\" data-pb-value=\"\u0628\u062f\u0644 599 \u062f\u0631\u0647\u0645\">\n<\/div>\n<\/div>\n<\/div>\n<\/section>","protected":false},"excerpt":{"rendered":"<p>Le casque professionnel le plus recherch\u00e9 \u00e0 Aruba Casque Sans Fil \u00c9couteur Connexion stable et confortable\u00a0\u2714 Longue dur\u00e9e de vie de la batterie \u2714 Connexion ultra-rapide\u00a0\u2714 Technologie intelligente de suppression du bruit Ce casque Bluetooth professionnel de haute qualit\u00e9 est durable, l\u00e9ger et peut \u00eatre port\u00e9 pendant longtemps pendant la conduite, le travail et le [&hellip;]<\/p>\n","protected":false},"featured_media":3777,"comment_status":"open","ping_status":"closed","template":"","meta":[],"product_brand":[],"product_cat":[1697],"product_tag":[1694,1695],"class_list":{"0":"post-3752","1":"product","2":"type-product","3":"status-publish","4":"has-post-thumbnail","6":"product_cat-boutic-et-soldes-produits","7":"product_tag-casque-sans-fil","8":"product_tag-ecouteur-sans-fil","10":"first","11":"instock","12":"sale","13":"shipping-taxable","14":"purchasable","15":"product-type-simple"},"yoast_head":"<!-- This site is optimized with the Yoast SEO plugin v27.6 - https:\/\/yoast.com\/product\/yoast-seo-wordpress\/ -->\n<title>Casque Sans Fil \u00c9couteur - ALMOQAYADA<\/title>\n<meta name=\"robots\" content=\"index, follow, max-snippet:-1, max-image-preview:large, max-video-preview:-1\" \/>\n<link rel=\"canonical\" href=\"https:\/\/almoqayada.com\/ar\/product\/casque-sans-fil-ecouteur\/\" \/>\n<meta property=\"og:locale\" content=\"ar_AR\" \/>\n<meta property=\"og:type\" content=\"article\" \/>\n<meta property=\"og:title\" content=\"Casque Sans Fil \u00c9couteur - ALMOQAYADA\" \/>\n<meta property=\"og:description\" content=\"Le casque professionnel le plus recherch\u00e9 \u00e0 Aruba Casque Sans Fil \u00c9couteur Connexion stable et confortable\u00a0\u2714 Longue dur\u00e9e de vie de la batterie \u2714 Connexion ultra-rapide\u00a0\u2714 Technologie intelligente de suppression du bruit Ce casque Bluetooth professionnel de haute qualit\u00e9 est durable, l\u00e9ger et peut \u00eatre port\u00e9 pendant longtemps pendant la conduite, le travail et le [&hellip;]\" \/>\n<meta property=\"og:url\" content=\"https:\/\/almoqayada.com\/ar\/product\/casque-sans-fil-ecouteur\/\" \/>\n<meta property=\"og:site_name\" content=\"ALMOQAYADA\" \/>\n<meta property=\"article:modified_time\" content=\"2022-10-11T13:54:10+00:00\" \/>\n<meta property=\"og:image\" content=\"https:\/\/almoqayada.com\/wp-content\/uploads\/2022\/10\/Casque-Sans-fil_Signe.png\" \/>\n\t<meta property=\"og:image:width\" content=\"787\" \/>\n\t<meta property=\"og:image:height\" content=\"717\" \/>\n\t<meta property=\"og:image:type\" content=\"image\/png\" \/>\n<meta name=\"twitter:card\" content=\"summary_large_image\" \/>\n<meta name=\"twitter:label1\" content=\"\u0648\u0642\u062a \u0627\u0644\u0642\u0631\u0627\u0621\u0629 \u0627\u0644\u0645\u064f\u0642\u062f\u0651\u0631\" \/>\n\t<meta name=\"twitter:data1\" content=\"\u062f\u0642\u064a\u0642\u0629 \u0648\u0627\u062d\u062f\u0629\" \/>\n<script type=\"application\/ld+json\" class=\"yoast-schema-graph\">{\"@context\":\"https:\\\/\\\/schema.org\",\"@graph\":[{\"@type\":\"WebPage\",\"@id\":\"https:\\\/\\\/almoqayada.com\\\/produit\\\/casque-sans-fil-ecouteur\\\/\",\"url\":\"https:\\\/\\\/almoqayada.com\\\/produit\\\/casque-sans-fil-ecouteur\\\/\",\"name\":\"Casque Sans Fil \u00c9couteur - ALMOQAYADA\",\"isPartOf\":{\"@id\":\"https:\\\/\\\/almoqayada.com\\\/#website\"},\"primaryImageOfPage\":{\"@id\":\"https:\\\/\\\/almoqayada.com\\\/produit\\\/casque-sans-fil-ecouteur\\\/#primaryimage\"},\"image\":{\"@id\":\"https:\\\/\\\/almoqayada.com\\\/produit\\\/casque-sans-fil-ecouteur\\\/#primaryimage\"},\"thumbnailUrl\":\"https:\\\/\\\/almoqayada.com\\\/wp-content\\\/uploads\\\/2022\\\/10\\\/Casque-Sans-fil_Signe.png\",\"datePublished\":\"2022-10-10T23:21:38+00:00\",\"dateModified\":\"2022-10-11T13:54:10+00:00\",\"breadcrumb\":{\"@id\":\"https:\\\/\\\/almoqayada.com\\\/produit\\\/casque-sans-fil-ecouteur\\\/#breadcrumb\"},\"inLanguage\":\"ar\",\"potentialAction\":[{\"@type\":\"ReadAction\",\"target\":[\"https:\\\/\\\/almoqayada.com\\\/produit\\\/casque-sans-fil-ecouteur\\\/\"]}]},{\"@type\":\"ImageObject\",\"inLanguage\":\"ar\",\"@id\":\"https:\\\/\\\/almoqayada.com\\\/produit\\\/casque-sans-fil-ecouteur\\\/#primaryimage\",\"url\":\"https:\\\/\\\/almoqayada.com\\\/wp-content\\\/uploads\\\/2022\\\/10\\\/Casque-Sans-fil_Signe.png\",\"contentUrl\":\"https:\\\/\\\/almoqayada.com\\\/wp-content\\\/uploads\\\/2022\\\/10\\\/Casque-Sans-fil_Signe.png\",\"width\":787,\"height\":717},{\"@type\":\"BreadcrumbList\",\"@id\":\"https:\\\/\\\/almoqayada.com\\\/produit\\\/casque-sans-fil-ecouteur\\\/#breadcrumb\",\"itemListElement\":[{\"@type\":\"ListItem\",\"position\":1,\"name\":\"Accueil\",\"item\":\"https:\\\/\\\/almoqayada.com\\\/\"},{\"@type\":\"ListItem\",\"position\":2,\"name\":\"Shop\",\"item\":\"https:\\\/\\\/almoqayada.com\\\/shop\\\/\"},{\"@type\":\"ListItem\",\"position\":3,\"name\":\"Casque Sans Fil \u00c9couteur\"}]},{\"@type\":\"WebSite\",\"@id\":\"https:\\\/\\\/almoqayada.com\\\/#website\",\"url\":\"https:\\\/\\\/almoqayada.com\\\/\",\"name\":\"ALMOQAYADA\",\"description\":\"La Plateforme Collaborative N\u00b01 de Troc et de vente d&#039;occasion au Maroc\",\"publisher\":{\"@id\":\"https:\\\/\\\/almoqayada.com\\\/#organization\"},\"potentialAction\":[{\"@type\":\"SearchAction\",\"target\":{\"@type\":\"EntryPoint\",\"urlTemplate\":\"https:\\\/\\\/almoqayada.com\\\/?s={search_term_string}\"},\"query-input\":{\"@type\":\"PropertyValueSpecification\",\"valueRequired\":true,\"valueName\":\"search_term_string\"}}],\"inLanguage\":\"ar\"},{\"@type\":\"Organization\",\"@id\":\"https:\\\/\\\/almoqayada.com\\\/#organization\",\"name\":\"ALMOQAYADA\",\"url\":\"https:\\\/\\\/almoqayada.com\\\/\",\"logo\":{\"@type\":\"ImageObject\",\"inLanguage\":\"ar\",\"@id\":\"https:\\\/\\\/almoqayada.com\\\/#\\\/schema\\\/logo\\\/image\\\/\",\"url\":\"https:\\\/\\\/almoqayada.com\\\/wp-content\\\/uploads\\\/2022\\\/03\\\/MoQaYaDa_11_-Vaste2300x400.png\",\"contentUrl\":\"https:\\\/\\\/almoqayada.com\\\/wp-content\\\/uploads\\\/2022\\\/03\\\/MoQaYaDa_11_-Vaste2300x400.png\",\"width\":2300,\"height\":400,\"caption\":\"ALMOQAYADA\"},\"image\":{\"@id\":\"https:\\\/\\\/almoqayada.com\\\/#\\\/schema\\\/logo\\\/image\\\/\"}}]}<\/script>\n<!-- \/ Yoast SEO plugin. -->","yoast_head_json":{"title":"Casque Sans Fil \u00c9couteur - ALMOQAYADA","robots":{"index":"index","follow":"follow","max-snippet":"max-snippet:-1","max-image-preview":"max-image-preview:large","max-video-preview":"max-video-preview:-1"},"canonical":"https:\/\/almoqayada.com\/ar\/product\/casque-sans-fil-ecouteur\/","og_locale":"ar_AR","og_type":"article","og_title":"Casque Sans Fil \u00c9couteur - ALMOQAYADA","og_description":"Le casque professionnel le plus recherch\u00e9 \u00e0 Aruba Casque Sans Fil \u00c9couteur Connexion stable et confortable\u00a0\u2714 Longue dur\u00e9e de vie de la batterie \u2714 Connexion ultra-rapide\u00a0\u2714 Technologie intelligente de suppression du bruit Ce casque Bluetooth professionnel de haute qualit\u00e9 est durable, l\u00e9ger et peut \u00eatre port\u00e9 pendant longtemps pendant la conduite, le travail et le [&hellip;]","og_url":"https:\/\/almoqayada.com\/ar\/product\/casque-sans-fil-ecouteur\/","og_site_name":"ALMOQAYADA","article_modified_time":"2022-10-11T13:54:10+00:00","og_image":[{"width":787,"height":717,"url":"https:\/\/almoqayada.com\/wp-content\/uploads\/2022\/10\/Casque-Sans-fil_Signe.png","type":"image\/png"}],"twitter_card":"summary_large_image","twitter_misc":{"\u0648\u0642\u062a \u0627\u0644\u0642\u0631\u0627\u0621\u0629 \u0627\u0644\u0645\u064f\u0642\u062f\u0651\u0631":"\u062f\u0642\u064a\u0642\u0629 \u0648\u0627\u062d\u062f\u0629"},"schema":{"@context":"https:\/\/schema.org","@graph":[{"@type":"WebPage","@id":"https:\/\/almoqayada.com\/produit\/casque-sans-fil-ecouteur\/","url":"https:\/\/almoqayada.com\/produit\/casque-sans-fil-ecouteur\/","name":"Casque Sans Fil \u00c9couteur - ALMOQAYADA","isPartOf":{"@id":"https:\/\/almoqayada.com\/#website"},"primaryImageOfPage":{"@id":"https:\/\/almoqayada.com\/produit\/casque-sans-fil-ecouteur\/#primaryimage"},"image":{"@id":"https:\/\/almoqayada.com\/produit\/casque-sans-fil-ecouteur\/#primaryimage"},"thumbnailUrl":"https:\/\/almoqayada.com\/wp-content\/uploads\/2022\/10\/Casque-Sans-fil_Signe.png","datePublished":"2022-10-10T23:21:38+00:00","dateModified":"2022-10-11T13:54:10+00:00","breadcrumb":{"@id":"https:\/\/almoqayada.com\/produit\/casque-sans-fil-ecouteur\/#breadcrumb"},"inLanguage":"ar","potentialAction":[{"@type":"ReadAction","target":["https:\/\/almoqayada.com\/produit\/casque-sans-fil-ecouteur\/"]}]},{"@type":"ImageObject","inLanguage":"ar","@id":"https:\/\/almoqayada.com\/produit\/casque-sans-fil-ecouteur\/#primaryimage","url":"https:\/\/almoqayada.com\/wp-content\/uploads\/2022\/10\/Casque-Sans-fil_Signe.png","contentUrl":"https:\/\/almoqayada.com\/wp-content\/uploads\/2022\/10\/Casque-Sans-fil_Signe.png","width":787,"height":717},{"@type":"BreadcrumbList","@id":"https:\/\/almoqayada.com\/produit\/casque-sans-fil-ecouteur\/#breadcrumb","itemListElement":[{"@type":"ListItem","position":1,"name":"Accueil","item":"https:\/\/almoqayada.com\/"},{"@type":"ListItem","position":2,"name":"Shop","item":"https:\/\/almoqayada.com\/shop\/"},{"@type":"ListItem","position":3,"name":"Casque Sans Fil \u00c9couteur"}]},{"@type":"WebSite","@id":"https:\/\/almoqayada.com\/#website","url":"https:\/\/almoqayada.com\/","name":"ALMOQAYADA","description":"La Plateforme Collaborative N\u00b01 de Troc et de vente d&#039;occasion au Maroc","publisher":{"@id":"https:\/\/almoqayada.com\/#organization"},"potentialAction":[{"@type":"SearchAction","target":{"@type":"EntryPoint","urlTemplate":"https:\/\/almoqayada.com\/?s={search_term_string}"},"query-input":{"@type":"PropertyValueSpecification","valueRequired":true,"valueName":"search_term_string"}}],"inLanguage":"ar"},{"@type":"Organization","@id":"https:\/\/almoqayada.com\/#organization","name":"ALMOQAYADA","url":"https:\/\/almoqayada.com\/","logo":{"@type":"ImageObject","inLanguage":"ar","@id":"https:\/\/almoqayada.com\/#\/schema\/logo\/image\/","url":"https:\/\/almoqayada.com\/wp-content\/uploads\/2022\/03\/MoQaYaDa_11_-Vaste2300x400.png","contentUrl":"https:\/\/almoqayada.com\/wp-content\/uploads\/2022\/03\/MoQaYaDa_11_-Vaste2300x400.png","width":2300,"height":400,"caption":"ALMOQAYADA"},"image":{"@id":"https:\/\/almoqayada.com\/#\/schema\/logo\/image\/"}}]}},"jetpack_sharing_enabled":true,"_links":{"self":[{"href":"https:\/\/almoqayada.com\/ar\/wp-json\/wp\/v2\/product\/3752","targetHints":{"allow":["GET"]}}],"collection":[{"href":"https:\/\/almoqayada.com\/ar\/wp-json\/wp\/v2\/product"}],"about":[{"href":"https:\/\/almoqayada.com\/ar\/wp-json\/wp\/v2\/types\/product"}],"replies":[{"embeddable":true,"href":"https:\/\/almoqayada.com\/ar\/wp-json\/wp\/v2\/comments?post=3752"}],"wp:featuredmedia":[{"embeddable":true,"href":"https:\/\/almoqayada.com\/ar\/wp-json\/wp\/v2\/media\/3777"}],"wp:attachment":[{"href":"https:\/\/almoqayada.com\/ar\/wp-json\/wp\/v2\/media?parent=3752"}],"wp:term":[{"taxonomy":"product_brand","embeddable":true,"href":"https:\/\/almoqayada.com\/ar\/wp-json\/wp\/v2\/product_brand?post=3752"},{"taxonomy":"product_cat","embeddable":true,"href":"https:\/\/almoqayada.com\/ar\/wp-json\/wp\/v2\/product_cat?post=3752"},{"taxonomy":"product_tag","embeddable":true,"href":"https:\/\/almoqayada.com\/ar\/wp-json\/wp\/v2\/product_tag?post=3752"}],"curies":[{"name":"wp","href":"https:\/\/api.w.org\/{rel}","templated":true}]}}