{"id":3761,"date":"2022-10-11T00:21:39","date_gmt":"2022-10-10T23:21:39","guid":{"rendered":"https:\/\/almoqayada.com\/appfr\/?post_type=product&#038;p=3761"},"modified":"2024-08-09T13:20:23","modified_gmt":"2024-08-09T12:20:23","slug":"galaxy-watch4-classic-silver-46-mm","status":"publish","type":"product","link":"https:\/\/almoqayada.com\/ar\/product\/galaxy-watch4-classic-silver-46-mm\/","title":{"rendered":"Galaxy Watch4 Classic Silver 46 mm"},"content":{"rendered":"<h1><a href=\"https:\/\/almoqayada.com\/ar\/montre-connecte\/\">Galaxy Watch4 Classic Silver 46 mm<\/a><\/h1>\n<h1><a href=\"https:\/\/almoqayada.com\/ar\/montre-connecte\/\"> Montre\/Bracelet Connect\u00e9 <\/a><\/h1>\n<p>Vente d&rsquo;une Samsung Galaxy Watch 46 mm Bluetooth +4G en Excellent Etat.<\/p>\n<p>La montre est dans sa boite originale, chargeur inclus.<\/p>\n<p>Galaxy Watch4 Classic Silver 46 mm Montre\/Bracelet Connect\u00e9 : \u00a0montre connect\u00e9 \u00e9quip\u00e9 de Wear OS supporter par Samsung, la Galaxy Watch4 Classic permet d\u2019acc\u00e9der \u00e0 vos applications pr\u00e9f\u00e9r\u00e9es. Dot\u00e9 de plusieurs applications de musique et de fitness.<\/p>\n<table style=\"height: 288px;\" width=\"540\">\n<tbody>\n<tr>\n<td>Syst\u00e8me d&rsquo;exploitation (OS)<\/td>\n<td>Wear OS<\/td>\n<\/tr>\n<tr>\n<td>Compatibilit\u00e9 OS<\/td>\n<td>Android<\/td>\n<\/tr>\n<tr>\n<td>Taille de l&rsquo;\u00e9cran<\/td>\n<td>1.36 pouces<\/td>\n<\/tr>\n<tr>\n<td>Capacit\u00e9 de la batterie<\/td>\n<td>361 mAh<\/td>\n<\/tr>\n<tr>\n<td>Capteur de rythme cardiaque<\/td>\n<td>Oui<\/td>\n<\/tr>\n<tr>\n<td>NFC<\/td>\n<td>Oui<\/td>\n<\/tr>\n<\/tbody>\n<\/table>\n<p>&nbsp;<\/p>","protected":false},"excerpt":{"rendered":"<p>Galaxy Watch4 Classic Silver 46 mm Montre\/Bracelet Connect\u00e9 Vente d&rsquo;une Samsung Galaxy Watch 46 mm Bluetooth +4G en Excellent Etat. La montre est dans sa boite originale, chargeur inclus. Galaxy Watch4 Classic Silver 46 mm Montre\/Bracelet Connect\u00e9 : \u00a0montre connect\u00e9 \u00e9quip\u00e9 de Wear OS supporter par Samsung, la Galaxy Watch4 Classic permet d\u2019acc\u00e9der \u00e0 vos [&hellip;]<\/p>\n","protected":false},"featured_media":3788,"comment_status":"open","ping_status":"closed","template":"","meta":[],"product_brand":[],"product_cat":[1697],"product_tag":[1693,1692,1691],"class_list":{"0":"post-3761","1":"product","2":"type-product","3":"status-publish","4":"has-post-thumbnail","6":"product_cat-boutic-et-soldes-produits","7":"product_tag-bracelet-connecte","8":"product_tag-montre-connecte","9":"product_tag-samsung-galaxy-watch4","11":"first","12":"instock","13":"sale","14":"shipping-taxable","15":"purchasable","16":"product-type-simple"},"yoast_head":"<!-- This site is optimized with the Yoast SEO plugin v26.9 - https:\/\/yoast.com\/product\/yoast-seo-wordpress\/ -->\n<title>Galaxy Watch4 Classic Silver 46 mm - ALMOQAYADA<\/title>\n<meta name=\"robots\" content=\"index, follow, max-snippet:-1, max-image-preview:large, max-video-preview:-1\" \/>\n<link rel=\"canonical\" href=\"https:\/\/almoqayada.com\/ar\/product\/galaxy-watch4-classic-silver-46-mm\/\" \/>\n<meta property=\"og:locale\" content=\"ar_AR\" \/>\n<meta property=\"og:type\" content=\"article\" \/>\n<meta property=\"og:title\" content=\"Galaxy Watch4 Classic Silver 46 mm - ALMOQAYADA\" \/>\n<meta property=\"og:description\" content=\"Galaxy Watch4 Classic Silver 46 mm Montre\/Bracelet Connect\u00e9 Vente d&rsquo;une Samsung Galaxy Watch 46 mm Bluetooth +4G en Excellent Etat. La montre est dans sa boite originale, chargeur inclus. Galaxy Watch4 Classic Silver 46 mm Montre\/Bracelet Connect\u00e9 : \u00a0montre connect\u00e9 \u00e9quip\u00e9 de Wear OS supporter par Samsung, la Galaxy Watch4 Classic permet d\u2019acc\u00e9der \u00e0 vos [&hellip;]\" \/>\n<meta property=\"og:url\" content=\"https:\/\/almoqayada.com\/ar\/product\/galaxy-watch4-classic-silver-46-mm\/\" \/>\n<meta property=\"og:site_name\" content=\"ALMOQAYADA\" \/>\n<meta property=\"article:modified_time\" content=\"2024-08-09T12:20:23+00:00\" \/>\n<meta property=\"og:image\" content=\"https:\/\/almoqayada.com\/wp-content\/uploads\/2022\/10\/galaxy-watch4-classic-black-silver-front-design_signe.jpg\" \/>\n\t<meta property=\"og:image:width\" content=\"1098\" \/>\n\t<meta property=\"og:image:height\" content=\"667\" \/>\n\t<meta property=\"og:image:type\" content=\"image\/jpeg\" \/>\n<meta name=\"twitter:card\" content=\"summary_large_image\" \/>\n<script type=\"application\/ld+json\" class=\"yoast-schema-graph\">{\"@context\":\"https:\/\/schema.org\",\"@graph\":[{\"@type\":\"WebPage\",\"@id\":\"https:\/\/almoqayada.com\/produit\/galaxy-watch4-classic-silver-46-mm\/\",\"url\":\"https:\/\/almoqayada.com\/produit\/galaxy-watch4-classic-silver-46-mm\/\",\"name\":\"Galaxy Watch4 Classic Silver 46 mm - ALMOQAYADA\",\"isPartOf\":{\"@id\":\"https:\/\/almoqayada.com\/#website\"},\"primaryImageOfPage\":{\"@id\":\"https:\/\/almoqayada.com\/produit\/galaxy-watch4-classic-silver-46-mm\/#primaryimage\"},\"image\":{\"@id\":\"https:\/\/almoqayada.com\/produit\/galaxy-watch4-classic-silver-46-mm\/#primaryimage\"},\"thumbnailUrl\":\"https:\/\/almoqayada.com\/wp-content\/uploads\/2022\/10\/galaxy-watch4-classic-black-silver-front-design_signe.jpg\",\"datePublished\":\"2022-10-10T23:21:39+00:00\",\"dateModified\":\"2024-08-09T12:20:23+00:00\",\"breadcrumb\":{\"@id\":\"https:\/\/almoqayada.com\/produit\/galaxy-watch4-classic-silver-46-mm\/#breadcrumb\"},\"inLanguage\":\"ar\",\"potentialAction\":[{\"@type\":\"ReadAction\",\"target\":[\"https:\/\/almoqayada.com\/produit\/galaxy-watch4-classic-silver-46-mm\/\"]}]},{\"@type\":\"ImageObject\",\"inLanguage\":\"ar\",\"@id\":\"https:\/\/almoqayada.com\/produit\/galaxy-watch4-classic-silver-46-mm\/#primaryimage\",\"url\":\"https:\/\/almoqayada.com\/wp-content\/uploads\/2022\/10\/galaxy-watch4-classic-black-silver-front-design_signe.jpg\",\"contentUrl\":\"https:\/\/almoqayada.com\/wp-content\/uploads\/2022\/10\/galaxy-watch4-classic-black-silver-front-design_signe.jpg\",\"width\":1098,\"height\":667},{\"@type\":\"BreadcrumbList\",\"@id\":\"https:\/\/almoqayada.com\/produit\/galaxy-watch4-classic-silver-46-mm\/#breadcrumb\",\"itemListElement\":[{\"@type\":\"ListItem\",\"position\":1,\"name\":\"Accueil\",\"item\":\"https:\/\/almoqayada.com\/\"},{\"@type\":\"ListItem\",\"position\":2,\"name\":\"Shop\",\"item\":\"https:\/\/almoqayada.com\/shop\/\"},{\"@type\":\"ListItem\",\"position\":3,\"name\":\"Galaxy Watch4 Classic Silver 46 mm\"}]},{\"@type\":\"WebSite\",\"@id\":\"https:\/\/almoqayada.com\/#website\",\"url\":\"https:\/\/almoqayada.com\/\",\"name\":\"ALMOQAYADA\",\"description\":\"La Plateforme Collaborative N\u00b01 de Troc et de vente d&#039;occasion au Maroc\",\"publisher\":{\"@id\":\"https:\/\/almoqayada.com\/#organization\"},\"potentialAction\":[{\"@type\":\"SearchAction\",\"target\":{\"@type\":\"EntryPoint\",\"urlTemplate\":\"https:\/\/almoqayada.com\/?s={search_term_string}\"},\"query-input\":{\"@type\":\"PropertyValueSpecification\",\"valueRequired\":true,\"valueName\":\"search_term_string\"}}],\"inLanguage\":\"ar\"},{\"@type\":\"Organization\",\"@id\":\"https:\/\/almoqayada.com\/#organization\",\"name\":\"ALMOQAYADA\",\"url\":\"https:\/\/almoqayada.com\/\",\"logo\":{\"@type\":\"ImageObject\",\"inLanguage\":\"ar\",\"@id\":\"https:\/\/almoqayada.com\/#\/schema\/logo\/image\/\",\"url\":\"https:\/\/almoqayada.com\/wp-content\/uploads\/2022\/03\/MoQaYaDa_11_-Vaste2300x400.png\",\"contentUrl\":\"https:\/\/almoqayada.com\/wp-content\/uploads\/2022\/03\/MoQaYaDa_11_-Vaste2300x400.png\",\"width\":2300,\"height\":400,\"caption\":\"ALMOQAYADA\"},\"image\":{\"@id\":\"https:\/\/almoqayada.com\/#\/schema\/logo\/image\/\"}}]}<\/script>\n<!-- \/ Yoast SEO plugin. -->","yoast_head_json":{"title":"Galaxy Watch4 Classic Silver 46 mm - ALMOQAYADA","robots":{"index":"index","follow":"follow","max-snippet":"max-snippet:-1","max-image-preview":"max-image-preview:large","max-video-preview":"max-video-preview:-1"},"canonical":"https:\/\/almoqayada.com\/ar\/product\/galaxy-watch4-classic-silver-46-mm\/","og_locale":"ar_AR","og_type":"article","og_title":"Galaxy Watch4 Classic Silver 46 mm - ALMOQAYADA","og_description":"Galaxy Watch4 Classic Silver 46 mm Montre\/Bracelet Connect\u00e9 Vente d&rsquo;une Samsung Galaxy Watch 46 mm Bluetooth +4G en Excellent Etat. La montre est dans sa boite originale, chargeur inclus. Galaxy Watch4 Classic Silver 46 mm Montre\/Bracelet Connect\u00e9 : \u00a0montre connect\u00e9 \u00e9quip\u00e9 de Wear OS supporter par Samsung, la Galaxy Watch4 Classic permet d\u2019acc\u00e9der \u00e0 vos [&hellip;]","og_url":"https:\/\/almoqayada.com\/ar\/product\/galaxy-watch4-classic-silver-46-mm\/","og_site_name":"ALMOQAYADA","article_modified_time":"2024-08-09T12:20:23+00:00","og_image":[{"width":1098,"height":667,"url":"https:\/\/almoqayada.com\/wp-content\/uploads\/2022\/10\/galaxy-watch4-classic-black-silver-front-design_signe.jpg","type":"image\/jpeg"}],"twitter_card":"summary_large_image","schema":{"@context":"https:\/\/schema.org","@graph":[{"@type":"WebPage","@id":"https:\/\/almoqayada.com\/produit\/galaxy-watch4-classic-silver-46-mm\/","url":"https:\/\/almoqayada.com\/produit\/galaxy-watch4-classic-silver-46-mm\/","name":"Galaxy Watch4 Classic Silver 46 mm - ALMOQAYADA","isPartOf":{"@id":"https:\/\/almoqayada.com\/#website"},"primaryImageOfPage":{"@id":"https:\/\/almoqayada.com\/produit\/galaxy-watch4-classic-silver-46-mm\/#primaryimage"},"image":{"@id":"https:\/\/almoqayada.com\/produit\/galaxy-watch4-classic-silver-46-mm\/#primaryimage"},"thumbnailUrl":"https:\/\/almoqayada.com\/wp-content\/uploads\/2022\/10\/galaxy-watch4-classic-black-silver-front-design_signe.jpg","datePublished":"2022-10-10T23:21:39+00:00","dateModified":"2024-08-09T12:20:23+00:00","breadcrumb":{"@id":"https:\/\/almoqayada.com\/produit\/galaxy-watch4-classic-silver-46-mm\/#breadcrumb"},"inLanguage":"ar","potentialAction":[{"@type":"ReadAction","target":["https:\/\/almoqayada.com\/produit\/galaxy-watch4-classic-silver-46-mm\/"]}]},{"@type":"ImageObject","inLanguage":"ar","@id":"https:\/\/almoqayada.com\/produit\/galaxy-watch4-classic-silver-46-mm\/#primaryimage","url":"https:\/\/almoqayada.com\/wp-content\/uploads\/2022\/10\/galaxy-watch4-classic-black-silver-front-design_signe.jpg","contentUrl":"https:\/\/almoqayada.com\/wp-content\/uploads\/2022\/10\/galaxy-watch4-classic-black-silver-front-design_signe.jpg","width":1098,"height":667},{"@type":"BreadcrumbList","@id":"https:\/\/almoqayada.com\/produit\/galaxy-watch4-classic-silver-46-mm\/#breadcrumb","itemListElement":[{"@type":"ListItem","position":1,"name":"Accueil","item":"https:\/\/almoqayada.com\/"},{"@type":"ListItem","position":2,"name":"Shop","item":"https:\/\/almoqayada.com\/shop\/"},{"@type":"ListItem","position":3,"name":"Galaxy Watch4 Classic Silver 46 mm"}]},{"@type":"WebSite","@id":"https:\/\/almoqayada.com\/#website","url":"https:\/\/almoqayada.com\/","name":"ALMOQAYADA","description":"La Plateforme Collaborative N\u00b01 de Troc et de vente d&#039;occasion au Maroc","publisher":{"@id":"https:\/\/almoqayada.com\/#organization"},"potentialAction":[{"@type":"SearchAction","target":{"@type":"EntryPoint","urlTemplate":"https:\/\/almoqayada.com\/?s={search_term_string}"},"query-input":{"@type":"PropertyValueSpecification","valueRequired":true,"valueName":"search_term_string"}}],"inLanguage":"ar"},{"@type":"Organization","@id":"https:\/\/almoqayada.com\/#organization","name":"ALMOQAYADA","url":"https:\/\/almoqayada.com\/","logo":{"@type":"ImageObject","inLanguage":"ar","@id":"https:\/\/almoqayada.com\/#\/schema\/logo\/image\/","url":"https:\/\/almoqayada.com\/wp-content\/uploads\/2022\/03\/MoQaYaDa_11_-Vaste2300x400.png","contentUrl":"https:\/\/almoqayada.com\/wp-content\/uploads\/2022\/03\/MoQaYaDa_11_-Vaste2300x400.png","width":2300,"height":400,"caption":"ALMOQAYADA"},"image":{"@id":"https:\/\/almoqayada.com\/#\/schema\/logo\/image\/"}}]}},"jetpack_sharing_enabled":true,"_links":{"self":[{"href":"https:\/\/almoqayada.com\/ar\/wp-json\/wp\/v2\/product\/3761","targetHints":{"allow":["GET"]}}],"collection":[{"href":"https:\/\/almoqayada.com\/ar\/wp-json\/wp\/v2\/product"}],"about":[{"href":"https:\/\/almoqayada.com\/ar\/wp-json\/wp\/v2\/types\/product"}],"replies":[{"embeddable":true,"href":"https:\/\/almoqayada.com\/ar\/wp-json\/wp\/v2\/comments?post=3761"}],"wp:featuredmedia":[{"embeddable":true,"href":"https:\/\/almoqayada.com\/ar\/wp-json\/wp\/v2\/media\/3788"}],"wp:attachment":[{"href":"https:\/\/almoqayada.com\/ar\/wp-json\/wp\/v2\/media?parent=3761"}],"wp:term":[{"taxonomy":"product_brand","embeddable":true,"href":"https:\/\/almoqayada.com\/ar\/wp-json\/wp\/v2\/product_brand?post=3761"},{"taxonomy":"product_cat","embeddable":true,"href":"https:\/\/almoqayada.com\/ar\/wp-json\/wp\/v2\/product_cat?post=3761"},{"taxonomy":"product_tag","embeddable":true,"href":"https:\/\/almoqayada.com\/ar\/wp-json\/wp\/v2\/product_tag?post=3761"}],"curies":[{"name":"wp","href":"https:\/\/api.w.org\/{rel}","templated":true}]}}