{"id":3774,"date":"2022-10-11T00:21:40","date_gmt":"2022-10-10T23:21:40","guid":{"rendered":"https:\/\/almoqayada.com\/appfr\/?post_type=product&#038;p=3774"},"modified":"2024-07-08T16:42:19","modified_gmt":"2024-07-08T15:42:19","slug":"ordinateur-portable-asus-x-series-x441ma","status":"publish","type":"product","link":"https:\/\/almoqayada.com\/ar\/product\/ordinateur-portable-asus-x-series-x441ma\/","title":{"rendered":"Ordinateur Portable Asus X.SERIES X441MA"},"content":{"rendered":"<h1><a href=\"https:\/\/almoqayada.com\/ar\/ordinateur-portable-asus\/\">Ordinateur Portable Asus X.SERIES X441MA<\/a><\/h1>\n<p>Intel\u00ae Celeron\u00ae N4000<br \/>\nRAM: 4 GB SDRAM<br \/>\nDisque dur: 1 TB &#8211; HDD SATA &#8211; 5400 tours\/minute<br \/>\n\u00c9cran: 14&Prime; (35,5 cm) &#8211; HD avec r\u00e9tro\u00e9clairage LED 60Hz NTSC<br \/>\nFreeDOS<\/p>\n<table class=\"table-data-sheet\">\n<tbody>\n<tr class=\"odd\">\n<td>Processeur<\/td>\n<td>Intel\u00ae Celeron\u00ae N4000<\/td>\n<\/tr>\n<tr class=\"even\">\n<td>M\u00e9moire vive(RAM) install\u00e9e<\/td>\n<td>4 GB SDRAM<\/td>\n<\/tr>\n<tr class=\"odd\">\n<td>Taille du disque dur<\/td>\n<td>1 TB<\/td>\n<\/tr>\n<tr class=\"even\">\n<td>Type du disque dur<\/td>\n<td>HDD SATA<\/td>\n<\/tr>\n<tr class=\"odd\">\n<td>Vitesse de rotation du disque dur<\/td>\n<td>5400 tours\/minute<\/td>\n<\/tr>\n<tr class=\"even\">\n<td>Poids en kg<\/td>\n<td>1,7 (Le poids varie selon la configuration et les composants)<\/td>\n<\/tr>\n<tr class=\"odd\">\n<td>Taille de l&rsquo;\u00e9cran<\/td>\n<td>14&Prime; (35,5 cm)<\/td>\n<\/tr>\n<tr class=\"even\">\n<td>Type de l&rsquo;\u00e9cran<\/td>\n<td>HD avec r\u00e9tro\u00e9clairage LED 60Hz NTSC<\/td>\n<\/tr>\n<tr class=\"odd\">\n<td>Lecteur de cartes m\u00e9moire<\/td>\n<td>Multi-format SD<\/td>\n<\/tr>\n<tr class=\"even\">\n<td>Webcam int\u00e9gr\u00e9e<\/td>\n<td>Cam\u00e9ra Web VGA<\/td>\n<\/tr>\n<tr class=\"odd\">\n<td>Audio<\/td>\n<td>Technologie ASUS SonicMaster<\/td>\n<\/tr>\n<tr class=\"even\">\n<td>Clavier<\/td>\n<td>Chiclet<\/td>\n<\/tr>\n<tr class=\"odd\">\n<td>Bluetooth<\/td>\n<td>Bluetooth\u00ae V4.0<\/td>\n<\/tr>\n<tr class=\"even\">\n<td>Communication sans fil<\/td>\n<td>int\u00e9gr\u00e9 802.11<\/td>\n<\/tr>\n<tr class=\"odd\">\n<td>Connecteurs<\/td>\n<td>1 x prise audio COMBO &#8211; 1 x port VGA &#8211; 1 x USB3.0 de type C (USB3.1 GEN1) &#8211; 1 x USB3.0 de type A (USB3.1 GEN1) &#8211; 1 x port (s) USB 2.0 &#8211; 1 x prise LAN RJ45 pour r\u00e9seau local ins\u00e9rer &#8211; 1 x HDMI<\/td>\n<\/tr>\n<tr class=\"even\">\n<td>Type de batterie \/ autonomie<\/td>\n<td>3 cellules 36 W\/hrs<\/td>\n<\/tr>\n<tr class=\"odd\">\n<td>Syst\u00e8me d&rsquo;exploitation<\/td>\n<td>FreeDOS<\/td>\n<\/tr>\n<tr class=\"even\">\n<td>Dimensions (l x p x h) en mm<\/td>\n<td>348 x 242 x 27,6<\/td>\n<\/tr>\n<\/tbody>\n<\/table>","protected":false},"excerpt":{"rendered":"<p>Ordinateur Portable Asus X.SERIES X441MA Intel\u00ae Celeron\u00ae N4000 RAM: 4 GB SDRAM Disque dur: 1 TB &#8211; HDD SATA &#8211; 5400 tours\/minute \u00c9cran: 14&Prime; (35,5 cm) &#8211; HD avec r\u00e9tro\u00e9clairage LED 60Hz NTSC FreeDOS Processeur Intel\u00ae Celeron\u00ae N4000 M\u00e9moire vive(RAM) install\u00e9e 4 GB SDRAM Taille du disque dur 1 TB Type du disque dur HDD [&hellip;]<\/p>\n","protected":false},"featured_media":3805,"comment_status":"open","ping_status":"closed","template":"","meta":[],"product_brand":[],"product_cat":[1697],"product_tag":[2059,2058,2060],"class_list":{"0":"post-3774","1":"product","2":"type-product","3":"status-publish","4":"has-post-thumbnail","6":"product_cat-boutic-et-soldes-produits","7":"product_tag-pc-2eme-main-marrakech","8":"product_tag-pc-occasion-marrakech","9":"product_tag-pc-utilise-marrakech","11":"first","12":"instock","13":"shipping-taxable","14":"purchasable","15":"product-type-simple"},"yoast_head":"<!-- This site is optimized with the Yoast SEO plugin v26.9 - https:\/\/yoast.com\/product\/yoast-seo-wordpress\/ -->\n<title>Ordinateur Portable Asus X.SERIES X441MA - ALMOQAYADA<\/title>\n<meta name=\"robots\" content=\"index, follow, max-snippet:-1, max-image-preview:large, max-video-preview:-1\" \/>\n<link rel=\"canonical\" href=\"https:\/\/almoqayada.com\/ar\/product\/ordinateur-portable-asus-x-series-x441ma\/\" \/>\n<meta property=\"og:locale\" content=\"ar_AR\" \/>\n<meta property=\"og:type\" content=\"article\" \/>\n<meta property=\"og:title\" content=\"Ordinateur Portable Asus X.SERIES X441MA - ALMOQAYADA\" \/>\n<meta property=\"og:description\" content=\"Ordinateur Portable Asus X.SERIES X441MA Intel\u00ae Celeron\u00ae N4000 RAM: 4 GB SDRAM Disque dur: 1 TB &#8211; HDD SATA &#8211; 5400 tours\/minute \u00c9cran: 14&Prime; (35,5 cm) &#8211; HD avec r\u00e9tro\u00e9clairage LED 60Hz NTSC FreeDOS Processeur Intel\u00ae Celeron\u00ae N4000 M\u00e9moire vive(RAM) install\u00e9e 4 GB SDRAM Taille du disque dur 1 TB Type du disque dur HDD [&hellip;]\" \/>\n<meta property=\"og:url\" content=\"https:\/\/almoqayada.com\/ar\/product\/ordinateur-portable-asus-x-series-x441ma\/\" \/>\n<meta property=\"og:site_name\" content=\"ALMOQAYADA\" \/>\n<meta property=\"article:modified_time\" content=\"2024-07-08T15:42:19+00:00\" \/>\n<meta property=\"og:image\" content=\"https:\/\/almoqayada.com\/wp-content\/uploads\/2022\/10\/laptop2-1.png\" \/>\n\t<meta property=\"og:image:width\" content=\"770\" \/>\n\t<meta property=\"og:image:height\" content=\"500\" \/>\n\t<meta property=\"og:image:type\" content=\"image\/png\" \/>\n<meta name=\"twitter:card\" content=\"summary_large_image\" \/>\n<meta name=\"twitter:label1\" content=\"\u0648\u0642\u062a \u0627\u0644\u0642\u0631\u0627\u0621\u0629 \u0627\u0644\u0645\u064f\u0642\u062f\u0651\u0631\" \/>\n\t<meta name=\"twitter:data1\" content=\"\u062f\u0642\u064a\u0642\u0629 \u0648\u0627\u062d\u062f\u0629\" \/>\n<script type=\"application\/ld+json\" class=\"yoast-schema-graph\">{\"@context\":\"https:\/\/schema.org\",\"@graph\":[{\"@type\":\"WebPage\",\"@id\":\"https:\/\/almoqayada.com\/produit\/ordinateur-portable-asus-x-series-x441ma\/\",\"url\":\"https:\/\/almoqayada.com\/produit\/ordinateur-portable-asus-x-series-x441ma\/\",\"name\":\"Ordinateur Portable Asus X.SERIES X441MA - ALMOQAYADA\",\"isPartOf\":{\"@id\":\"https:\/\/almoqayada.com\/#website\"},\"primaryImageOfPage\":{\"@id\":\"https:\/\/almoqayada.com\/produit\/ordinateur-portable-asus-x-series-x441ma\/#primaryimage\"},\"image\":{\"@id\":\"https:\/\/almoqayada.com\/produit\/ordinateur-portable-asus-x-series-x441ma\/#primaryimage\"},\"thumbnailUrl\":\"https:\/\/almoqayada.com\/wp-content\/uploads\/2022\/10\/laptop2-1.png\",\"datePublished\":\"2022-10-10T23:21:40+00:00\",\"dateModified\":\"2024-07-08T15:42:19+00:00\",\"breadcrumb\":{\"@id\":\"https:\/\/almoqayada.com\/produit\/ordinateur-portable-asus-x-series-x441ma\/#breadcrumb\"},\"inLanguage\":\"ar\",\"potentialAction\":[{\"@type\":\"ReadAction\",\"target\":[\"https:\/\/almoqayada.com\/produit\/ordinateur-portable-asus-x-series-x441ma\/\"]}]},{\"@type\":\"ImageObject\",\"inLanguage\":\"ar\",\"@id\":\"https:\/\/almoqayada.com\/produit\/ordinateur-portable-asus-x-series-x441ma\/#primaryimage\",\"url\":\"https:\/\/almoqayada.com\/wp-content\/uploads\/2022\/10\/laptop2-1.png\",\"contentUrl\":\"https:\/\/almoqayada.com\/wp-content\/uploads\/2022\/10\/laptop2-1.png\",\"width\":770,\"height\":500},{\"@type\":\"BreadcrumbList\",\"@id\":\"https:\/\/almoqayada.com\/produit\/ordinateur-portable-asus-x-series-x441ma\/#breadcrumb\",\"itemListElement\":[{\"@type\":\"ListItem\",\"position\":1,\"name\":\"Accueil\",\"item\":\"https:\/\/almoqayada.com\/\"},{\"@type\":\"ListItem\",\"position\":2,\"name\":\"Shop\",\"item\":\"https:\/\/almoqayada.com\/shop\/\"},{\"@type\":\"ListItem\",\"position\":3,\"name\":\"Ordinateur Portable Asus X.SERIES X441MA\"}]},{\"@type\":\"WebSite\",\"@id\":\"https:\/\/almoqayada.com\/#website\",\"url\":\"https:\/\/almoqayada.com\/\",\"name\":\"ALMOQAYADA\",\"description\":\"La Plateforme Collaborative N\u00b01 de Troc et de vente d&#039;occasion au Maroc\",\"publisher\":{\"@id\":\"https:\/\/almoqayada.com\/#organization\"},\"potentialAction\":[{\"@type\":\"SearchAction\",\"target\":{\"@type\":\"EntryPoint\",\"urlTemplate\":\"https:\/\/almoqayada.com\/?s={search_term_string}\"},\"query-input\":{\"@type\":\"PropertyValueSpecification\",\"valueRequired\":true,\"valueName\":\"search_term_string\"}}],\"inLanguage\":\"ar\"},{\"@type\":\"Organization\",\"@id\":\"https:\/\/almoqayada.com\/#organization\",\"name\":\"ALMOQAYADA\",\"url\":\"https:\/\/almoqayada.com\/\",\"logo\":{\"@type\":\"ImageObject\",\"inLanguage\":\"ar\",\"@id\":\"https:\/\/almoqayada.com\/#\/schema\/logo\/image\/\",\"url\":\"https:\/\/almoqayada.com\/wp-content\/uploads\/2022\/03\/MoQaYaDa_11_-Vaste2300x400.png\",\"contentUrl\":\"https:\/\/almoqayada.com\/wp-content\/uploads\/2022\/03\/MoQaYaDa_11_-Vaste2300x400.png\",\"width\":2300,\"height\":400,\"caption\":\"ALMOQAYADA\"},\"image\":{\"@id\":\"https:\/\/almoqayada.com\/#\/schema\/logo\/image\/\"}}]}<\/script>\n<!-- \/ Yoast SEO plugin. -->","yoast_head_json":{"title":"Ordinateur Portable Asus X.SERIES X441MA - ALMOQAYADA","robots":{"index":"index","follow":"follow","max-snippet":"max-snippet:-1","max-image-preview":"max-image-preview:large","max-video-preview":"max-video-preview:-1"},"canonical":"https:\/\/almoqayada.com\/ar\/product\/ordinateur-portable-asus-x-series-x441ma\/","og_locale":"ar_AR","og_type":"article","og_title":"Ordinateur Portable Asus X.SERIES X441MA - ALMOQAYADA","og_description":"Ordinateur Portable Asus X.SERIES X441MA Intel\u00ae Celeron\u00ae N4000 RAM: 4 GB SDRAM Disque dur: 1 TB &#8211; HDD SATA &#8211; 5400 tours\/minute \u00c9cran: 14&Prime; (35,5 cm) &#8211; HD avec r\u00e9tro\u00e9clairage LED 60Hz NTSC FreeDOS Processeur Intel\u00ae Celeron\u00ae N4000 M\u00e9moire vive(RAM) install\u00e9e 4 GB SDRAM Taille du disque dur 1 TB Type du disque dur HDD [&hellip;]","og_url":"https:\/\/almoqayada.com\/ar\/product\/ordinateur-portable-asus-x-series-x441ma\/","og_site_name":"ALMOQAYADA","article_modified_time":"2024-07-08T15:42:19+00:00","og_image":[{"width":770,"height":500,"url":"https:\/\/almoqayada.com\/wp-content\/uploads\/2022\/10\/laptop2-1.png","type":"image\/png"}],"twitter_card":"summary_large_image","twitter_misc":{"\u0648\u0642\u062a \u0627\u0644\u0642\u0631\u0627\u0621\u0629 \u0627\u0644\u0645\u064f\u0642\u062f\u0651\u0631":"\u062f\u0642\u064a\u0642\u0629 \u0648\u0627\u062d\u062f\u0629"},"schema":{"@context":"https:\/\/schema.org","@graph":[{"@type":"WebPage","@id":"https:\/\/almoqayada.com\/produit\/ordinateur-portable-asus-x-series-x441ma\/","url":"https:\/\/almoqayada.com\/produit\/ordinateur-portable-asus-x-series-x441ma\/","name":"Ordinateur Portable Asus X.SERIES X441MA - ALMOQAYADA","isPartOf":{"@id":"https:\/\/almoqayada.com\/#website"},"primaryImageOfPage":{"@id":"https:\/\/almoqayada.com\/produit\/ordinateur-portable-asus-x-series-x441ma\/#primaryimage"},"image":{"@id":"https:\/\/almoqayada.com\/produit\/ordinateur-portable-asus-x-series-x441ma\/#primaryimage"},"thumbnailUrl":"https:\/\/almoqayada.com\/wp-content\/uploads\/2022\/10\/laptop2-1.png","datePublished":"2022-10-10T23:21:40+00:00","dateModified":"2024-07-08T15:42:19+00:00","breadcrumb":{"@id":"https:\/\/almoqayada.com\/produit\/ordinateur-portable-asus-x-series-x441ma\/#breadcrumb"},"inLanguage":"ar","potentialAction":[{"@type":"ReadAction","target":["https:\/\/almoqayada.com\/produit\/ordinateur-portable-asus-x-series-x441ma\/"]}]},{"@type":"ImageObject","inLanguage":"ar","@id":"https:\/\/almoqayada.com\/produit\/ordinateur-portable-asus-x-series-x441ma\/#primaryimage","url":"https:\/\/almoqayada.com\/wp-content\/uploads\/2022\/10\/laptop2-1.png","contentUrl":"https:\/\/almoqayada.com\/wp-content\/uploads\/2022\/10\/laptop2-1.png","width":770,"height":500},{"@type":"BreadcrumbList","@id":"https:\/\/almoqayada.com\/produit\/ordinateur-portable-asus-x-series-x441ma\/#breadcrumb","itemListElement":[{"@type":"ListItem","position":1,"name":"Accueil","item":"https:\/\/almoqayada.com\/"},{"@type":"ListItem","position":2,"name":"Shop","item":"https:\/\/almoqayada.com\/shop\/"},{"@type":"ListItem","position":3,"name":"Ordinateur Portable Asus X.SERIES X441MA"}]},{"@type":"WebSite","@id":"https:\/\/almoqayada.com\/#website","url":"https:\/\/almoqayada.com\/","name":"ALMOQAYADA","description":"La Plateforme Collaborative N\u00b01 de Troc et de vente d&#039;occasion au Maroc","publisher":{"@id":"https:\/\/almoqayada.com\/#organization"},"potentialAction":[{"@type":"SearchAction","target":{"@type":"EntryPoint","urlTemplate":"https:\/\/almoqayada.com\/?s={search_term_string}"},"query-input":{"@type":"PropertyValueSpecification","valueRequired":true,"valueName":"search_term_string"}}],"inLanguage":"ar"},{"@type":"Organization","@id":"https:\/\/almoqayada.com\/#organization","name":"ALMOQAYADA","url":"https:\/\/almoqayada.com\/","logo":{"@type":"ImageObject","inLanguage":"ar","@id":"https:\/\/almoqayada.com\/#\/schema\/logo\/image\/","url":"https:\/\/almoqayada.com\/wp-content\/uploads\/2022\/03\/MoQaYaDa_11_-Vaste2300x400.png","contentUrl":"https:\/\/almoqayada.com\/wp-content\/uploads\/2022\/03\/MoQaYaDa_11_-Vaste2300x400.png","width":2300,"height":400,"caption":"ALMOQAYADA"},"image":{"@id":"https:\/\/almoqayada.com\/#\/schema\/logo\/image\/"}}]}},"jetpack_sharing_enabled":true,"_links":{"self":[{"href":"https:\/\/almoqayada.com\/ar\/wp-json\/wp\/v2\/product\/3774","targetHints":{"allow":["GET"]}}],"collection":[{"href":"https:\/\/almoqayada.com\/ar\/wp-json\/wp\/v2\/product"}],"about":[{"href":"https:\/\/almoqayada.com\/ar\/wp-json\/wp\/v2\/types\/product"}],"replies":[{"embeddable":true,"href":"https:\/\/almoqayada.com\/ar\/wp-json\/wp\/v2\/comments?post=3774"}],"wp:featuredmedia":[{"embeddable":true,"href":"https:\/\/almoqayada.com\/ar\/wp-json\/wp\/v2\/media\/3805"}],"wp:attachment":[{"href":"https:\/\/almoqayada.com\/ar\/wp-json\/wp\/v2\/media?parent=3774"}],"wp:term":[{"taxonomy":"product_brand","embeddable":true,"href":"https:\/\/almoqayada.com\/ar\/wp-json\/wp\/v2\/product_brand?post=3774"},{"taxonomy":"product_cat","embeddable":true,"href":"https:\/\/almoqayada.com\/ar\/wp-json\/wp\/v2\/product_cat?post=3774"},{"taxonomy":"product_tag","embeddable":true,"href":"https:\/\/almoqayada.com\/ar\/wp-json\/wp\/v2\/product_tag?post=3774"}],"curies":[{"name":"wp","href":"https:\/\/api.w.org\/{rel}","templated":true}]}}