{"id":3776,"date":"2022-10-11T00:21:41","date_gmt":"2022-10-10T23:21:41","guid":{"rendered":"https:\/\/almoqayada.com\/appfr\/?post_type=product&#038;p=3776"},"modified":"2022-10-11T15:00:44","modified_gmt":"2022-10-11T14:00:44","slug":"volkswagen-golf-4","status":"publish","type":"product","link":"https:\/\/almoqayada.com\/ar\/product\/volkswagen-golf-4\/","title":{"rendered":"VOLKSWAGEN Golf 4"},"content":{"rendered":"<ul class=\"info\">\n<li class=\"label\">Marque:\u00a0<a href=\"https:\/\/almoqayada.com\/ar\/renault-megane-1.5-%C3%A0-vendre\/\">VOLKSWAGEN<\/a><\/li>\n<li class=\"label\">Mod\u00e8le:\u00a0<a href=\"https:\/\/almoqayada.com\/ar\/peugeot-508-6cv-a-vendre\/\">Golf 4<\/a><\/li>\n<\/ul>\n<p>&nbsp;<\/p>\n<ul id=\"extraQuestionName\" class=\"extraQuestionName\">\n<li>Ann\u00e9e : 2003<\/li>\n<li>Boite de vitesses : Automatique<\/li>\n<li>Carburant :\u00a0Diesel<\/li>\n<li>Puissance : 8 CV<\/li>\n<li>Prix : 85 000 dh<\/li>\n<li>Couleur : Golde \/ Dor\u00e9<\/li>\n<li>Nombre de portes5<\/li>\n<li>V\u00e9hicule d\u00e9douan\u00e9 2010<\/li>\n<\/ul>\n<p><strong class=\"titledetail\">Detail de l&rsquo;annonce : <\/strong>Je mets en vente ma voiture <a href=\"https:\/\/almoqayada.com\/ar\/volkswagen-golf-4-a-vendre\/\">Golf mk4 pacific<\/a> modele 2003 puissance 8cv en bon \u00e9tat. avec jantes alum, Clim &#8230; <a class=\"btn-reply\" title=\"R\u00e9pondre \u00e0 cette annonce\" href=\"\/ar\/deals@almoqayada.com\/\">R\u00e9pondre l&rsquo;annonceur<\/a><\/p>\n<p>130hp (96kw) tiptronic (5eme) full option (pacific).\u00a0regulateur de vitesse (cruise control).ordinateur de bord . phares au xenon original, coussin avant chauffants. climatiseur automatique.Jauntes 17\u2019\u2019. fermeture et ouverture a distance original. alarme .\u00a0\u00a0\u00a0Options\u2714 Jantes aluminium\u2714 Alarme\u2714 Airbags\u2714 Aide parking\u2714 Climatisation auto\u2714 Abs\u2714 Vitres \u00e9l\u00e9ctriques\u2714 Anti patinage\u2714 Programme de stabilit\u00e9 \u00e9lectronique\u2714 Projecteurs xenon\u2714 R\u00e9troviseur ext\u00e9rieur \u00e9lectrique\u2714 Int\u00e9rieur cuir\u2714 Si\u00e8ge chauffant\u2714 Vitres surteint\u00e9es\u2714 Volant reglable\u2714 Anti d\u00e9marrage\u2714 Volant sport\u2714 D\u00e9tecteur de pluie\u2714 Direction assist\u00e9e\u2714 Ordinateur de bord\u2714 R\u00e9gulateur de vitesse<\/p>","protected":false},"excerpt":{"rendered":"<p>Marque:\u00a0VOLKSWAGEN Mod\u00e8le:\u00a0Golf 4 &nbsp; Ann\u00e9e : 2003 Boite de vitesses : Automatique Carburant :\u00a0Diesel Puissance : 8 CV Prix : 85 000 dh Couleur : Golde \/ Dor\u00e9 Nombre de portes5 V\u00e9hicule d\u00e9douan\u00e9 2010 Detail de l&rsquo;annonce : Je mets en vente ma voiture Golf mk4 pacific modele 2003 puissance 8cv en bon \u00e9tat. avec [&hellip;]<\/p>\n","protected":false},"featured_media":3811,"comment_status":"open","ping_status":"closed","template":"","meta":[],"product_brand":[],"product_cat":[1708],"product_tag":[2063,2062,2061,2064],"class_list":{"0":"post-3776","1":"product","2":"type-product","3":"status-publish","4":"has-post-thumbnail","6":"product_cat-vehicules-produits","7":"product_tag-golf-4-doccasion-marrakech","8":"product_tag-voiture-2eme-main-marrakech","9":"product_tag-voiture-doccasion-marrakech","10":"product_tag-volkswagen-occasion-marrakech","12":"first","13":"instock","14":"shipping-taxable","15":"purchasable","16":"product-type-simple"},"yoast_head":"<!-- This site is optimized with the Yoast SEO plugin v26.9 - https:\/\/yoast.com\/product\/yoast-seo-wordpress\/ -->\n<title>VOLKSWAGEN Golf 4 - ALMOQAYADA<\/title>\n<meta name=\"robots\" content=\"index, follow, max-snippet:-1, max-image-preview:large, max-video-preview:-1\" \/>\n<link rel=\"canonical\" href=\"https:\/\/almoqayada.com\/ar\/product\/volkswagen-golf-4\/\" \/>\n<meta property=\"og:locale\" content=\"ar_AR\" \/>\n<meta property=\"og:type\" content=\"article\" \/>\n<meta property=\"og:title\" content=\"VOLKSWAGEN Golf 4 - ALMOQAYADA\" \/>\n<meta property=\"og:description\" content=\"Marque:\u00a0VOLKSWAGEN Mod\u00e8le:\u00a0Golf 4 &nbsp; Ann\u00e9e : 2003 Boite de vitesses : Automatique Carburant :\u00a0Diesel Puissance : 8 CV Prix : 85 000 dh Couleur : Golde \/ Dor\u00e9 Nombre de portes5 V\u00e9hicule d\u00e9douan\u00e9 2010 Detail de l&rsquo;annonce : Je mets en vente ma voiture Golf mk4 pacific modele 2003 puissance 8cv en bon \u00e9tat. avec [&hellip;]\" \/>\n<meta property=\"og:url\" content=\"https:\/\/almoqayada.com\/ar\/product\/volkswagen-golf-4\/\" \/>\n<meta property=\"og:site_name\" content=\"ALMOQAYADA\" \/>\n<meta property=\"article:modified_time\" content=\"2022-10-11T14:00:44+00:00\" \/>\n<meta property=\"og:image\" content=\"https:\/\/almoqayada.com\/wp-content\/uploads\/2022\/10\/IMG-20210625-WA0013.jpg\" \/>\n\t<meta property=\"og:image:width\" content=\"999\" \/>\n\t<meta property=\"og:image:height\" content=\"562\" \/>\n\t<meta property=\"og:image:type\" content=\"image\/jpeg\" \/>\n<meta name=\"twitter:card\" content=\"summary_large_image\" \/>\n<meta name=\"twitter:label1\" content=\"\u0648\u0642\u062a \u0627\u0644\u0642\u0631\u0627\u0621\u0629 \u0627\u0644\u0645\u064f\u0642\u062f\u0651\u0631\" \/>\n\t<meta name=\"twitter:data1\" content=\"\u062f\u0642\u064a\u0642\u0629 \u0648\u0627\u062d\u062f\u0629\" \/>\n<script type=\"application\/ld+json\" class=\"yoast-schema-graph\">{\"@context\":\"https:\/\/schema.org\",\"@graph\":[{\"@type\":\"WebPage\",\"@id\":\"https:\/\/almoqayada.com\/produit\/volkswagen-golf-4\/\",\"url\":\"https:\/\/almoqayada.com\/produit\/volkswagen-golf-4\/\",\"name\":\"VOLKSWAGEN Golf 4 - ALMOQAYADA\",\"isPartOf\":{\"@id\":\"https:\/\/almoqayada.com\/#website\"},\"primaryImageOfPage\":{\"@id\":\"https:\/\/almoqayada.com\/produit\/volkswagen-golf-4\/#primaryimage\"},\"image\":{\"@id\":\"https:\/\/almoqayada.com\/produit\/volkswagen-golf-4\/#primaryimage\"},\"thumbnailUrl\":\"https:\/\/almoqayada.com\/wp-content\/uploads\/2022\/10\/IMG-20210625-WA0013.jpg\",\"datePublished\":\"2022-10-10T23:21:41+00:00\",\"dateModified\":\"2022-10-11T14:00:44+00:00\",\"breadcrumb\":{\"@id\":\"https:\/\/almoqayada.com\/produit\/volkswagen-golf-4\/#breadcrumb\"},\"inLanguage\":\"ar\",\"potentialAction\":[{\"@type\":\"ReadAction\",\"target\":[\"https:\/\/almoqayada.com\/produit\/volkswagen-golf-4\/\"]}]},{\"@type\":\"ImageObject\",\"inLanguage\":\"ar\",\"@id\":\"https:\/\/almoqayada.com\/produit\/volkswagen-golf-4\/#primaryimage\",\"url\":\"https:\/\/almoqayada.com\/wp-content\/uploads\/2022\/10\/IMG-20210625-WA0013.jpg\",\"contentUrl\":\"https:\/\/almoqayada.com\/wp-content\/uploads\/2022\/10\/IMG-20210625-WA0013.jpg\",\"width\":999,\"height\":562},{\"@type\":\"BreadcrumbList\",\"@id\":\"https:\/\/almoqayada.com\/produit\/volkswagen-golf-4\/#breadcrumb\",\"itemListElement\":[{\"@type\":\"ListItem\",\"position\":1,\"name\":\"Accueil\",\"item\":\"https:\/\/almoqayada.com\/\"},{\"@type\":\"ListItem\",\"position\":2,\"name\":\"Shop\",\"item\":\"https:\/\/almoqayada.com\/shop\/\"},{\"@type\":\"ListItem\",\"position\":3,\"name\":\"VOLKSWAGEN Golf 4\"}]},{\"@type\":\"WebSite\",\"@id\":\"https:\/\/almoqayada.com\/#website\",\"url\":\"https:\/\/almoqayada.com\/\",\"name\":\"ALMOQAYADA\",\"description\":\"La Plateforme Collaborative N\u00b01 de Troc et de vente d&#039;occasion au Maroc\",\"publisher\":{\"@id\":\"https:\/\/almoqayada.com\/#organization\"},\"potentialAction\":[{\"@type\":\"SearchAction\",\"target\":{\"@type\":\"EntryPoint\",\"urlTemplate\":\"https:\/\/almoqayada.com\/?s={search_term_string}\"},\"query-input\":{\"@type\":\"PropertyValueSpecification\",\"valueRequired\":true,\"valueName\":\"search_term_string\"}}],\"inLanguage\":\"ar\"},{\"@type\":\"Organization\",\"@id\":\"https:\/\/almoqayada.com\/#organization\",\"name\":\"ALMOQAYADA\",\"url\":\"https:\/\/almoqayada.com\/\",\"logo\":{\"@type\":\"ImageObject\",\"inLanguage\":\"ar\",\"@id\":\"https:\/\/almoqayada.com\/#\/schema\/logo\/image\/\",\"url\":\"https:\/\/almoqayada.com\/wp-content\/uploads\/2022\/03\/MoQaYaDa_11_-Vaste2300x400.png\",\"contentUrl\":\"https:\/\/almoqayada.com\/wp-content\/uploads\/2022\/03\/MoQaYaDa_11_-Vaste2300x400.png\",\"width\":2300,\"height\":400,\"caption\":\"ALMOQAYADA\"},\"image\":{\"@id\":\"https:\/\/almoqayada.com\/#\/schema\/logo\/image\/\"}}]}<\/script>\n<!-- \/ Yoast SEO plugin. -->","yoast_head_json":{"title":"VOLKSWAGEN Golf 4 - ALMOQAYADA","robots":{"index":"index","follow":"follow","max-snippet":"max-snippet:-1","max-image-preview":"max-image-preview:large","max-video-preview":"max-video-preview:-1"},"canonical":"https:\/\/almoqayada.com\/ar\/product\/volkswagen-golf-4\/","og_locale":"ar_AR","og_type":"article","og_title":"VOLKSWAGEN Golf 4 - ALMOQAYADA","og_description":"Marque:\u00a0VOLKSWAGEN Mod\u00e8le:\u00a0Golf 4 &nbsp; Ann\u00e9e : 2003 Boite de vitesses : Automatique Carburant :\u00a0Diesel Puissance : 8 CV Prix : 85 000 dh Couleur : Golde \/ Dor\u00e9 Nombre de portes5 V\u00e9hicule d\u00e9douan\u00e9 2010 Detail de l&rsquo;annonce : Je mets en vente ma voiture Golf mk4 pacific modele 2003 puissance 8cv en bon \u00e9tat. avec [&hellip;]","og_url":"https:\/\/almoqayada.com\/ar\/product\/volkswagen-golf-4\/","og_site_name":"ALMOQAYADA","article_modified_time":"2022-10-11T14:00:44+00:00","og_image":[{"width":999,"height":562,"url":"https:\/\/almoqayada.com\/wp-content\/uploads\/2022\/10\/IMG-20210625-WA0013.jpg","type":"image\/jpeg"}],"twitter_card":"summary_large_image","twitter_misc":{"\u0648\u0642\u062a \u0627\u0644\u0642\u0631\u0627\u0621\u0629 \u0627\u0644\u0645\u064f\u0642\u062f\u0651\u0631":"\u062f\u0642\u064a\u0642\u0629 \u0648\u0627\u062d\u062f\u0629"},"schema":{"@context":"https:\/\/schema.org","@graph":[{"@type":"WebPage","@id":"https:\/\/almoqayada.com\/produit\/volkswagen-golf-4\/","url":"https:\/\/almoqayada.com\/produit\/volkswagen-golf-4\/","name":"VOLKSWAGEN Golf 4 - ALMOQAYADA","isPartOf":{"@id":"https:\/\/almoqayada.com\/#website"},"primaryImageOfPage":{"@id":"https:\/\/almoqayada.com\/produit\/volkswagen-golf-4\/#primaryimage"},"image":{"@id":"https:\/\/almoqayada.com\/produit\/volkswagen-golf-4\/#primaryimage"},"thumbnailUrl":"https:\/\/almoqayada.com\/wp-content\/uploads\/2022\/10\/IMG-20210625-WA0013.jpg","datePublished":"2022-10-10T23:21:41+00:00","dateModified":"2022-10-11T14:00:44+00:00","breadcrumb":{"@id":"https:\/\/almoqayada.com\/produit\/volkswagen-golf-4\/#breadcrumb"},"inLanguage":"ar","potentialAction":[{"@type":"ReadAction","target":["https:\/\/almoqayada.com\/produit\/volkswagen-golf-4\/"]}]},{"@type":"ImageObject","inLanguage":"ar","@id":"https:\/\/almoqayada.com\/produit\/volkswagen-golf-4\/#primaryimage","url":"https:\/\/almoqayada.com\/wp-content\/uploads\/2022\/10\/IMG-20210625-WA0013.jpg","contentUrl":"https:\/\/almoqayada.com\/wp-content\/uploads\/2022\/10\/IMG-20210625-WA0013.jpg","width":999,"height":562},{"@type":"BreadcrumbList","@id":"https:\/\/almoqayada.com\/produit\/volkswagen-golf-4\/#breadcrumb","itemListElement":[{"@type":"ListItem","position":1,"name":"Accueil","item":"https:\/\/almoqayada.com\/"},{"@type":"ListItem","position":2,"name":"Shop","item":"https:\/\/almoqayada.com\/shop\/"},{"@type":"ListItem","position":3,"name":"VOLKSWAGEN Golf 4"}]},{"@type":"WebSite","@id":"https:\/\/almoqayada.com\/#website","url":"https:\/\/almoqayada.com\/","name":"ALMOQAYADA","description":"La Plateforme Collaborative N\u00b01 de Troc et de vente d&#039;occasion au Maroc","publisher":{"@id":"https:\/\/almoqayada.com\/#organization"},"potentialAction":[{"@type":"SearchAction","target":{"@type":"EntryPoint","urlTemplate":"https:\/\/almoqayada.com\/?s={search_term_string}"},"query-input":{"@type":"PropertyValueSpecification","valueRequired":true,"valueName":"search_term_string"}}],"inLanguage":"ar"},{"@type":"Organization","@id":"https:\/\/almoqayada.com\/#organization","name":"ALMOQAYADA","url":"https:\/\/almoqayada.com\/","logo":{"@type":"ImageObject","inLanguage":"ar","@id":"https:\/\/almoqayada.com\/#\/schema\/logo\/image\/","url":"https:\/\/almoqayada.com\/wp-content\/uploads\/2022\/03\/MoQaYaDa_11_-Vaste2300x400.png","contentUrl":"https:\/\/almoqayada.com\/wp-content\/uploads\/2022\/03\/MoQaYaDa_11_-Vaste2300x400.png","width":2300,"height":400,"caption":"ALMOQAYADA"},"image":{"@id":"https:\/\/almoqayada.com\/#\/schema\/logo\/image\/"}}]}},"jetpack_sharing_enabled":true,"_links":{"self":[{"href":"https:\/\/almoqayada.com\/ar\/wp-json\/wp\/v2\/product\/3776","targetHints":{"allow":["GET"]}}],"collection":[{"href":"https:\/\/almoqayada.com\/ar\/wp-json\/wp\/v2\/product"}],"about":[{"href":"https:\/\/almoqayada.com\/ar\/wp-json\/wp\/v2\/types\/product"}],"replies":[{"embeddable":true,"href":"https:\/\/almoqayada.com\/ar\/wp-json\/wp\/v2\/comments?post=3776"}],"wp:featuredmedia":[{"embeddable":true,"href":"https:\/\/almoqayada.com\/ar\/wp-json\/wp\/v2\/media\/3811"}],"wp:attachment":[{"href":"https:\/\/almoqayada.com\/ar\/wp-json\/wp\/v2\/media?parent=3776"}],"wp:term":[{"taxonomy":"product_brand","embeddable":true,"href":"https:\/\/almoqayada.com\/ar\/wp-json\/wp\/v2\/product_brand?post=3776"},{"taxonomy":"product_cat","embeddable":true,"href":"https:\/\/almoqayada.com\/ar\/wp-json\/wp\/v2\/product_cat?post=3776"},{"taxonomy":"product_tag","embeddable":true,"href":"https:\/\/almoqayada.com\/ar\/wp-json\/wp\/v2\/product_tag?post=3776"}],"curies":[{"name":"wp","href":"https:\/\/api.w.org\/{rel}","templated":true}]}}